{"id":1558,"date":"2020-02-23T16:12:15","date_gmt":"2020-02-23T15:12:15","guid":{"rendered":"https:\/\/vogliadimare.com\/servizi\/stage-fotografia-subacquea\/"},"modified":"2020-03-24T23:59:31","modified_gmt":"2020-03-24T22:59:31","slug":"stage-fotografia-subacquea","status":"publish","type":"page","link":"https:\/\/vogliadimare.com\/fr\/servizi\/stage-fotografia-subacquea\/","title":{"rendered":"Stage de photographie sous-marine"},"content":{"rendered":"\t\t<div data-elementor-type=\"wp-page\" data-elementor-id=\"1558\" class=\"elementor elementor-1558\" data-elementor-settings=\"[]\">\n\t\t\t<div class=\"elementor-inner\">\n\t\t\t\t<div class=\"elementor-section-wrap\">\n\t\t\t\t\t\t\t<section class=\"elementor-element elementor-element-0be2927 elementor-section-stretched elementor-section-full_width elementor-section-height-min-height elementor-section-height-default elementor-section-items-middle elementor-section elementor-top-section\" data-id=\"0be2927\" data-element_type=\"section\" data-settings=\"{&quot;stretch_section&quot;:&quot;section-stretched&quot;,&quot;background_background&quot;:&quot;classic&quot;}\">\n\t\t\t\t\t\t<div class=\"elementor-container elementor-column-gap-no\">\n\t\t\t\t<div class=\"elementor-row\">\n\t\t\t\t<div class=\"aux-parallax-section elementor-element elementor-element-637dc74 elementor-column elementor-col-100 elementor-top-column\" data-id=\"637dc74\" data-element_type=\"column\" data-settings=\"{&quot;background_background&quot;:&quot;classic&quot;}\">\n\t\t\t<div class=\"elementor-column-wrap\">\n\t\t\t\t\t<div class=\"elementor-widget-wrap\">\n\t\t\t\t\t\t<\/div>\n\t\t\t<\/div>\n\t\t<\/div>\n\t\t\t\t\t\t<\/div>\n\t\t\t<\/div>\n\t\t<\/section>\n\t\t\t\t<section class=\"elementor-element elementor-element-96807a9 elementor-section-boxed elementor-section-height-default elementor-section-height-default elementor-section elementor-top-section\" data-id=\"96807a9\" data-element_type=\"section\">\n\t\t\t\t\t\t<div class=\"elementor-container elementor-column-gap-default\">\n\t\t\t\t<div class=\"elementor-row\">\n\t\t\t\t<div class=\"aux-parallax-section elementor-element elementor-element-e1b16f5 elementor-column elementor-col-100 elementor-top-column\" data-id=\"e1b16f5\" data-element_type=\"column\">\n\t\t\t<div class=\"elementor-column-wrap  elementor-element-populated\">\n\t\t\t\t\t<div class=\"elementor-widget-wrap\">\n\t\t\t\t<div class=\"elementor-element elementor-element-be3fb45 elementor-widget elementor-widget-heading\" data-id=\"be3fb45\" data-element_type=\"widget\" data-widget_type=\"heading.default\">\n\t\t\t\t<div class=\"elementor-widget-container\">\n\t\t\t<h2 class=\"elementor-heading-title elementor-size-default\">Stage de photographie sous-marine<\/h2>\t\t<\/div>\n\t\t\t\t<\/div>\n\t\t\t\t\t\t<\/div>\n\t\t\t<\/div>\n\t\t<\/div>\n\t\t\t\t\t\t<\/div>\n\t\t\t<\/div>\n\t\t<\/section>\n\t\t\t\t<section class=\"elementor-element elementor-element-3eefd1d elementor-section-boxed elementor-section-height-default elementor-section-height-default elementor-section elementor-top-section\" data-id=\"3eefd1d\" data-element_type=\"section\">\n\t\t\t\t\t\t<div class=\"elementor-container elementor-column-gap-default\">\n\t\t\t\t<div class=\"elementor-row\">\n\t\t\t\t<div class=\"aux-parallax-section elementor-element elementor-element-44e3903 elementor-column elementor-col-100 elementor-top-column\" data-id=\"44e3903\" data-element_type=\"column\">\n\t\t\t<div class=\"elementor-column-wrap  elementor-element-populated\">\n\t\t\t\t\t<div class=\"elementor-widget-wrap\">\n\t\t\t\t<div class=\"elementor-element elementor-element-cd34d75 elementor-widget elementor-widget-html\" data-id=\"cd34d75\" data-element_type=\"widget\" data-widget_type=\"html.default\">\n\t\t\t\t<div class=\"elementor-widget-container\">\n\t\t\t<form style=\"text-align:center\">\n  <input type=\"button\" value=\"< REVENIR\" onclick=\"history.back()\" style=\"color:#091833; background-color:#fff; font-size:12px; \">\n<\/form>\t\t<\/div>\n\t\t\t\t<\/div>\n\t\t\t\t<div class=\"elementor-element elementor-element-0a68901 elementor-widget elementor-widget-text-editor\" data-id=\"0a68901\" data-element_type=\"widget\" data-widget_type=\"text-editor.default\">\n\t\t\t\t<div class=\"elementor-widget-container\">\n\t\t\t\t\t<div class=\"elementor-text-editor elementor-clearfix\"><p>du 19 au 26 septembre<\/p><h3><strong><span style=\"color: #091833;\">Programme du cours fotosub<\/span><\/strong><\/h3><p>Mat\u00e9riel photographique et techniques de base<br \/>Le choix de l\u2019appareil photo (compact, bridge et reflex) \u2013 Le monde de scafandrate \u2013 plongeurs flash \u2013 Optique sous-marine utiles \u2013 Accessoires, bras et supports<br \/>. Lumi\u00e8re sous-marine<br \/>Gestion de la lumi\u00e8re \u2013 Balance des blancs \u2013 utilisation du flash \u2013 travail sous un \u00e9clairage mixte<br \/>. Composition et construction de l\u2019image<br \/>Le potentiel de cadrage \u2013 l\u2019image d\u00e9coup\u00e9e \u2013 \u00e9l\u00e9ments graphiques \u2013 la lumi\u00e8re, la couleur et le contraste \u2013 contenu et l\u2019interpr\u00e9tation \u2013 style<br \/>. L\u2019approche avec le monde sous-marin<br \/>Fotosub dans le champ long \u2013 champs moyens, rapproch\u00e9s et macro \u2013 l\u2019image de nuit \u2013 la connaissance de la vie en mer<br \/>. Post-production et archivage<br \/>Techniques de base pour apprendre \u00e0 manipuler des images dans une pi\u00e8ce claire (Photoshop \u2013 Camera raw) \u2013 Syst\u00e8mes de stockage<\/p><p>Nous avons s\u00e9lectionn\u00e9 Francesco Turano, qui a choisi de photographier sous l\u2019eau dans le m\u00eame esprit et avec un amour sp\u00e9cial pour la M\u00e9diterran\u00e9e; photographe qui a v\u00e9cu comme un pro depuis plus d\u2019un quart de si\u00e8cle de photographie avec le film et qui a appris \u00e0 adapter au monde num\u00e9rique en exploitant de nombreuses nuances.<br \/>Semaine sous de 5 journ\u00e9e avec d\u00e9jeuner \u00e0 bord pendant fotosub +<br \/>forfait comprenant: transfert a\u00e9roport Trapani \/ port \/ Trapani<br \/>Hydrofoil Trapani \/ Marettimo \/ Trapani (siremar)<br \/>logement pour 7 nuits dans l\u2019appartement (linge et nettoyage final inclus)<br \/>Forfait de 5 jours avec d\u00e9jeuner \u00e0 bord (guide, bouteille et poids)<br \/>cours fotosub avec participation de 660 euros.<\/p><p>\u00a0<\/p><\/div>\n\t\t\t\t<\/div>\n\t\t\t\t<\/div>\n\t\t\t\t<div class=\"elementor-element elementor-element-4a0c30a elementor-widget elementor-widget-image\" data-id=\"4a0c30a\" data-element_type=\"widget\" data-widget_type=\"image.default\">\n\t\t\t\t<div class=\"elementor-widget-container\">\n\t\t\t\t\t<div class=\"elementor-image\">\n\t\t\t\t\t\t\t\t\t\t<img loading=\"lazy\" decoding=\"async\" width=\"800\" height=\"1135\" src=\"https:\/\/vogliadimare.com\/wp-content\/uploads\/2020\/02\/locandina.jpg\" class=\"attachment-full size-full\" alt=\"\" \/>\t\t\t\t\t\t\t\t\t\t\t<\/div>\n\t\t\t\t<\/div>\n\t\t\t\t<\/div>\n\t\t\t\t\t\t<\/div>\n\t\t\t<\/div>\n\t\t<\/div>\n\t\t\t\t\t\t<\/div>\n\t\t\t<\/div>\n\t\t<\/section>\n\t\t\t\t<section class=\"elementor-element elementor-element-6ef89f1 elementor-section-stretched elementor-section-full_width elementor-section-height-default elementor-section-height-default elementor-section elementor-top-section\" data-id=\"6ef89f1\" data-element_type=\"section\" data-settings=\"{&quot;stretch_section&quot;:&quot;section-stretched&quot;,&quot;background_background&quot;:&quot;classic&quot;}\">\n\t\t\t\t\t\t<div class=\"elementor-container elementor-column-gap-default\">\n\t\t\t\t<div class=\"elementor-row\">\n\t\t\t\t<div class=\"aux-parallax-section elementor-element elementor-element-609c9b8 elementor-column elementor-col-100 elementor-top-column\" data-id=\"609c9b8\" data-element_type=\"column\">\n\t\t\t<div class=\"elementor-column-wrap  elementor-element-populated\">\n\t\t\t\t\t<div class=\"elementor-widget-wrap\">\n\t\t\t\t<section class=\"elementor-element elementor-element-62cc969 elementor-section-boxed elementor-section-height-default elementor-section-height-default elementor-section elementor-inner-section\" data-id=\"62cc969\" data-element_type=\"section\">\n\t\t\t\t\t\t<div class=\"elementor-container elementor-column-gap-extended\">\n\t\t\t\t<div class=\"elementor-row\">\n\t\t\t\t<div class=\"aux-parallax-section elementor-element elementor-element-3b9d26e elementor-column elementor-col-33 elementor-inner-column\" data-id=\"3b9d26e\" data-element_type=\"column\" data-settings=\"{&quot;background_background&quot;:&quot;classic&quot;}\">\n\t\t\t<div class=\"elementor-column-wrap  elementor-element-populated\">\n\t\t\t\t\t<div class=\"elementor-widget-wrap\">\n\t\t\t\t<div class=\"elementor-element elementor-element-261c4b3 elementor-widget elementor-widget-text-editor\" data-id=\"261c4b3\" data-element_type=\"widget\" data-widget_type=\"text-editor.default\">\n\t\t\t\t<div class=\"elementor-widget-container\">\n\t\t\t\t\t<div class=\"elementor-text-editor elementor-clearfix\"><h4><span style=\"color: #ffffff;\"><a style=\"color: #ffffff;\" href=\"https:\/\/www.vogliadimare.com\/servizi\/escursioni\/\" data-wplink-edit=\"true\">Excursions<\/a><\/span><\/h4><\/div>\n\t\t\t\t<\/div>\n\t\t\t\t<\/div>\n\t\t\t\t<div class=\"elementor-element elementor-element-3b5427a elementor-align-center elementor-tablet-align-right elementor-mobile-align-center elementor-widget elementor-widget-button\" data-id=\"3b5427a\" data-element_type=\"widget\" data-widget_type=\"button.default\">\n\t\t\t\t<div class=\"elementor-widget-container\">\n\t\t\t\t\t<div class=\"elementor-button-wrapper\">\n\t\t\t<a href=\"https:\/\/vogliadimare.com\/fr\/servizi\/escursioni\/\" class=\"elementor-button-link elementor-button elementor-size-md\" role=\"button\">\n\t\t\t\t\t\t<span class=\"elementor-button-content-wrapper\">\n\t\t\t\t\t\t<span class=\"elementor-button-text\">scopri<\/span>\n\t\t<\/span>\n\t\t\t\t\t<\/a>\n\t\t<\/div>\n\t\t\t\t<\/div>\n\t\t\t\t<\/div>\n\t\t\t\t\t\t<\/div>\n\t\t\t<\/div>\n\t\t<\/div>\n\t\t\t\t<div class=\"aux-parallax-section elementor-element elementor-element-f097b58 elementor-column elementor-col-33 elementor-inner-column\" data-id=\"f097b58\" data-element_type=\"column\" data-settings=\"{&quot;background_background&quot;:&quot;classic&quot;}\">\n\t\t\t<div class=\"elementor-column-wrap  elementor-element-populated\">\n\t\t\t\t\t<div class=\"elementor-widget-wrap\">\n\t\t\t\t<div class=\"elementor-element elementor-element-c45fbb4 elementor-widget elementor-widget-text-editor\" data-id=\"c45fbb4\" data-element_type=\"widget\" data-widget_type=\"text-editor.default\">\n\t\t\t\t<div class=\"elementor-widget-container\">\n\t\t\t\t\t<div class=\"elementor-text-editor elementor-clearfix\"><h4><span style=\"color: #ffffff;\"><a style=\"color: #ffffff;\" href=\"https:\/\/vogliadimare.com\/fr\/servizi\/stage-fotografia-subacquea\/\">Photographie sous-marine<\/a> <\/span><\/h4><\/div>\n\t\t\t\t<\/div>\n\t\t\t\t<\/div>\n\t\t\t\t<div class=\"elementor-element elementor-element-9e0e09b elementor-align-center elementor-tablet-align-right elementor-mobile-align-center elementor-widget elementor-widget-button\" data-id=\"9e0e09b\" data-element_type=\"widget\" data-widget_type=\"button.default\">\n\t\t\t\t<div class=\"elementor-widget-container\">\n\t\t\t\t\t<div class=\"elementor-button-wrapper\">\n\t\t\t<a href=\"https:\/\/vogliadimare.com\/fr\/servizi\/stage-fotografia-subacquea\/\" class=\"elementor-button-link elementor-button elementor-size-md\" role=\"button\">\n\t\t\t\t\t\t<span class=\"elementor-button-content-wrapper\">\n\t\t\t\t\t\t<span class=\"elementor-button-text\">scopri<\/span>\n\t\t<\/span>\n\t\t\t\t\t<\/a>\n\t\t<\/div>\n\t\t\t\t<\/div>\n\t\t\t\t<\/div>\n\t\t\t\t\t\t<\/div>\n\t\t\t<\/div>\n\t\t<\/div>\n\t\t\t\t<div class=\"aux-parallax-section elementor-element elementor-element-76b1e8c elementor-column elementor-col-33 elementor-inner-column\" data-id=\"76b1e8c\" data-element_type=\"column\" data-settings=\"{&quot;background_background&quot;:&quot;classic&quot;}\">\n\t\t\t<div class=\"elementor-column-wrap  elementor-element-populated\">\n\t\t\t\t\t<div class=\"elementor-widget-wrap\">\n\t\t\t\t<div class=\"elementor-element elementor-element-af81d05 elementor-widget elementor-widget-text-editor\" data-id=\"af81d05\" data-element_type=\"widget\" data-widget_type=\"text-editor.default\">\n\t\t\t\t<div class=\"elementor-widget-container\">\n\t\t\t\t\t<div class=\"elementor-text-editor elementor-clearfix\"><h4><a href=\"https:\/\/vogliadimare.com\/fr\/servizi\/snorkeling\/\"><span style=\"color: #ffffff;\">Snorkeling<\/span><\/a><\/h4><\/div>\n\t\t\t\t<\/div>\n\t\t\t\t<\/div>\n\t\t\t\t<div class=\"elementor-element elementor-element-19c8c4a elementor-align-center elementor-tablet-align-right elementor-mobile-align-center elementor-widget elementor-widget-button\" data-id=\"19c8c4a\" data-element_type=\"widget\" data-widget_type=\"button.default\">\n\t\t\t\t<div class=\"elementor-widget-container\">\n\t\t\t\t\t<div class=\"elementor-button-wrapper\">\n\t\t\t<a href=\"https:\/\/vogliadimare.com\/fr\/servizi\/snorkeling\/\" class=\"elementor-button-link elementor-button elementor-size-md\" role=\"button\">\n\t\t\t\t\t\t<span class=\"elementor-button-content-wrapper\">\n\t\t\t\t\t\t<span class=\"elementor-button-text\">scopri<\/span>\n\t\t<\/span>\n\t\t\t\t\t<\/a>\n\t\t<\/div>\n\t\t\t\t<\/div>\n\t\t\t\t<\/div>\n\t\t\t\t\t\t<\/div>\n\t\t\t<\/div>\n\t\t<\/div>\n\t\t\t\t\t\t<\/div>\n\t\t\t<\/div>\n\t\t<\/section>\n\t\t\t\t<section class=\"elementor-element elementor-element-8d3c1ab elementor-section-boxed elementor-section-height-default elementor-section-height-default elementor-section elementor-inner-section\" data-id=\"8d3c1ab\" data-element_type=\"section\">\n\t\t\t\t\t\t<div class=\"elementor-container elementor-column-gap-extended\">\n\t\t\t\t<div class=\"elementor-row\">\n\t\t\t\t\t\t<\/div>\n\t\t\t<\/div>\n\t\t<\/section>\n\t\t\t\t\t\t<\/div>\n\t\t\t<\/div>\n\t\t<\/div>\n\t\t\t\t\t\t<\/div>\n\t\t\t<\/div>\n\t\t<\/section>\n\t\t\t\t<section class=\"elementor-element elementor-element-14d6955 elementor-section-stretched elementor-section-full_width elementor-section-height-default elementor-section-height-default elementor-section elementor-top-section\" data-id=\"14d6955\" data-element_type=\"section\" data-settings=\"{&quot;stretch_section&quot;:&quot;section-stretched&quot;}\">\n\t\t\t\t\t\t<div class=\"elementor-container elementor-column-gap-no\">\n\t\t\t\t<div class=\"elementor-row\">\n\t\t\t\t<div class=\"aux-parallax-section elementor-element elementor-element-01a4b95 elementor-column elementor-col-100 elementor-top-column\" data-id=\"01a4b95\" data-element_type=\"column\">\n\t\t\t<div class=\"elementor-column-wrap  elementor-element-populated\">\n\t\t\t\t\t<div class=\"elementor-widget-wrap\">\n\t\t\t\t<div class=\"elementor-element elementor-element-418c447 elementor-widget elementor-widget-aux_template\" data-id=\"418c447\" data-element_type=\"widget\" data-widget_type=\"aux_template.default\">\n\t\t\t\t<div class=\"elementor-widget-container\">\n\t\t\t        <div class=\"elementor-template\">\n            \t\t<div data-elementor-type=\"section\" data-elementor-id=\"57\" class=\"elementor elementor-57\" data-elementor-settings=\"[]\">\n\t\t\t<div class=\"elementor-inner\">\n\t\t\t\t<div class=\"elementor-section-wrap\">\n\t\t\t\t\t\t\t<section class=\"elementor-element elementor-element-00c648d elementor-section-stretched elementor-section-full_width elementor-section-height-default elementor-section-height-default elementor-section elementor-top-section\" data-id=\"00c648d\" data-element_type=\"section\" data-settings=\"{&quot;stretch_section&quot;:&quot;section-stretched&quot;,&quot;background_background&quot;:&quot;classic&quot;}\">\n\t\t\t\t\t\t<div class=\"elementor-container elementor-column-gap-no\">\n\t\t\t\t<div class=\"elementor-row\">\n\t\t\t\t<div class=\"aux-parallax-section elementor-element elementor-element-fa4b426 elementor-column elementor-col-100 elementor-top-column\" data-id=\"fa4b426\" data-element_type=\"column\">\n\t\t\t<div class=\"elementor-column-wrap  elementor-element-populated\">\n\t\t\t\t\t<div class=\"elementor-widget-wrap\">\n\t\t\t\t<div class=\"elementor-element elementor-element-c8355a9 elementor-widget elementor-widget-image\" data-id=\"c8355a9\" data-element_type=\"widget\" data-widget_type=\"image.default\">\n\t\t\t\t<div class=\"elementor-widget-container\">\n\t\t\t\t\t<div class=\"elementor-image\">\n\t\t\t\t\t\t\t\t\t\t<img loading=\"lazy\" decoding=\"async\" width=\"292\" height=\"65\" src=\"https:\/\/vogliadimare.com\/wp-content\/uploads\/2020\/02\/logo-footer-4.svg\" class=\"attachment-full size-full\" alt=\"\" \/>\t\t\t\t\t\t\t\t\t\t\t<\/div>\n\t\t\t\t<\/div>\n\t\t\t\t<\/div>\n\t\t\t\t<div class=\"elementor-element elementor-element-8cfac7e elementor-widget elementor-widget-aux_menu_box\" data-id=\"8cfac7e\" data-element_type=\"widget\" data-widget_type=\"aux_menu_box.default\">\n\t\t\t\t<div class=\"elementor-widget-container\">\n\t\t\t<div class=\"aux-elementor-header aux-nav-menu-element aux-nav-menu-element-8cfac7e\"><div class=\"aux-burger-box\" data-target-panel=\"toggle-bar\" data-target-content=\".elementor-element-8cfac7e .aux-master-menu\"><div class=\"aux-burger aux-lite-small\"><span class=\"mid-line\"><\/span><\/div><\/div><!-- start master menu -->\n<nav id=\"master-menu-elementor-8cfac7e\" class=\"menu-footer-francese-container\">\n\n\t<ul id=\"menu-footer-francese\" class=\"aux-master-menu aux-no-js aux-skin-classic aux-with-indicator aux-horizontal\" data-type=\"horizontal\"  data-switch-type=\"toggle\" data-switch-parent=\".elementor-element-8cfac7e .aux-toggle-menu-bar\" data-switch-width=\"91\"  >\n\t\t<!-- start single menu -->\n\t\t<li id=\"menu-item-1691\" class=\"menu-item menu-item-type-post_type menu-item-object-page menu-item-home menu-item-1691 aux-menu-depth-0 aux-menu-root-1 aux-menu-item\">\n\t\t\t<a href=\"https:\/\/vogliadimare.com\/fr\/\" class=\"aux-item-content\">\n\t\t\t\t<span class=\"aux-menu-label\">Home<\/span>\n\t\t\t<\/a>\n\t\t<\/li>\n\t\t<!-- end single menu -->\n\t\t<!-- start single menu -->\n\t\t<li id=\"menu-item-1692\" class=\"menu-item menu-item-type-post_type menu-item-object-page menu-item-1692 aux-menu-depth-0 aux-menu-root-2 aux-menu-item\">\n\t\t\t<a href=\"https:\/\/vogliadimare.com\/fr\/diving\/\" class=\"aux-item-content\">\n\t\t\t\t<span class=\"aux-menu-label\">Diving<\/span>\n\t\t\t<\/a>\n\t\t<\/li>\n\t\t<!-- end single menu -->\n\t\t<!-- start single menu -->\n\t\t<li id=\"menu-item-1693\" class=\"menu-item menu-item-type-post_type menu-item-object-page menu-item-1693 aux-menu-depth-0 aux-menu-root-3 aux-menu-item\">\n\t\t\t<a href=\"https:\/\/vogliadimare.com\/fr\/corsi\/\" class=\"aux-item-content\">\n\t\t\t\t<span class=\"aux-menu-label\">Nous cours<\/span>\n\t\t\t<\/a>\n\t\t<\/li>\n\t\t<!-- end single menu -->\n\t\t<!-- start single menu -->\n\t\t<li id=\"menu-item-1701\" class=\"menu-item menu-item-type-post_type menu-item-object-page menu-item-1701 aux-menu-depth-0 aux-menu-root-4 aux-menu-item\">\n\t\t\t<a href=\"https:\/\/vogliadimare.com\/fr\/servizi\/\" class=\"aux-item-content\">\n\t\t\t\t<span class=\"aux-menu-label\">Services<\/span>\n\t\t\t<\/a>\n\t\t<\/li>\n\t\t<!-- end single menu -->\n\t\t<!-- start single menu -->\n\t\t<li id=\"menu-item-1702\" class=\"menu-item menu-item-type-post_type menu-item-object-page menu-item-1702 aux-menu-depth-0 aux-menu-root-5 aux-menu-item\">\n\t\t\t<a href=\"https:\/\/vogliadimare.com\/fr\/gruppi\/\" class=\"aux-item-content\">\n\t\t\t\t<span class=\"aux-menu-label\">Groupes<\/span>\n\t\t\t<\/a>\n\t\t<\/li>\n\t\t<!-- end single menu -->\n\t\t<!-- start single menu -->\n\t\t<li id=\"menu-item-1703\" class=\"menu-item menu-item-type-post_type menu-item-object-page menu-item-1703 aux-menu-depth-0 aux-menu-root-6 aux-menu-item\">\n\t\t\t<a href=\"https:\/\/vogliadimare.com\/fr\/soggiorni\/\" class=\"aux-item-content\">\n\t\t\t\t<span class=\"aux-menu-label\">H\u00e9bergement<\/span>\n\t\t\t<\/a>\n\t\t<\/li>\n\t\t<!-- end single menu -->\n\t\t<!-- start single menu -->\n\t\t<li id=\"menu-item-1704\" class=\"menu-item menu-item-type-post_type menu-item-object-page menu-item-1704 aux-menu-depth-0 aux-menu-root-7 aux-menu-item\">\n\t\t\t<a href=\"https:\/\/vogliadimare.com\/fr\/offerte\/\" class=\"aux-item-content\">\n\t\t\t\t<span class=\"aux-menu-label\">Offres<\/span>\n\t\t\t<\/a>\n\t\t<\/li>\n\t\t<!-- end single menu -->\n\t\t<!-- start single menu -->\n\t\t<li id=\"menu-item-1705\" class=\"menu-item menu-item-type-post_type menu-item-object-page menu-item-1705 aux-menu-depth-0 aux-menu-root-8 aux-menu-item\">\n\t\t\t<a href=\"https:\/\/vogliadimare.com\/fr\/listino-prezzi\/\" class=\"aux-item-content\">\n\t\t\t\t<span class=\"aux-menu-label\">Liste de Prix<\/span>\n\t\t\t<\/a>\n\t\t<\/li>\n\t\t<!-- end single menu -->\n\t\t<!-- start single menu -->\n\t\t<li id=\"menu-item-1706\" class=\"menu-item menu-item-type-post_type menu-item-object-page menu-item-1706 aux-menu-depth-0 aux-menu-root-9 aux-menu-item\">\n\t\t\t<a href=\"https:\/\/vogliadimare.com\/fr\/news\/\" class=\"aux-item-content\">\n\t\t\t\t<span class=\"aux-menu-label\">Voyagez avec nous<\/span>\n\t\t\t<\/a>\n\t\t<\/li>\n\t\t<!-- end single menu -->\n\t\t<!-- start single menu -->\n\t\t<li id=\"menu-item-1707\" class=\"menu-item menu-item-type-post_type menu-item-object-page menu-item-1707 aux-menu-depth-0 aux-menu-root-10 aux-menu-item\">\n\t\t\t<a href=\"https:\/\/vogliadimare.com\/fr\/contatti\/\" class=\"aux-item-content\">\n\t\t\t\t<span class=\"aux-menu-label\">Contacts<\/span>\n\t\t\t<\/a>\n\t\t<\/li>\n\t\t<!-- end single menu -->\n\t<\/ul>\n\n<\/nav>\n<!-- end master menu -->\n<div class=\"aux-toggle-menu-bar\"><\/div><\/div><style>@media only screen and (min-width: 91px) { .elementor-element-8cfac7e .aux-burger-box { display: none } }<\/style>\t\t<\/div>\n\t\t\t\t<\/div>\n\t\t\t\t<div class=\"elementor-element elementor-element-8700c55 elementor-widget elementor-widget-divider\" data-id=\"8700c55\" data-element_type=\"widget\" data-widget_type=\"divider.default\">\n\t\t\t\t<div class=\"elementor-widget-container\">\n\t\t\t\t\t<div class=\"elementor-divider\">\n\t\t\t<span class=\"elementor-divider-separator\">\n\t\t\t\t\t\t<\/span>\n\t\t<\/div>\n\t\t\t\t<\/div>\n\t\t\t\t<\/div>\n\t\t\t\t<div class=\"elementor-element elementor-element-90c1fad elementor-widget elementor-widget-text-editor\" data-id=\"90c1fad\" data-element_type=\"widget\" data-widget_type=\"text-editor.default\">\n\t\t\t\t<div class=\"elementor-widget-container\">\n\t\t\t\t\t<div class=\"elementor-text-editor elementor-clearfix\"><p><a href=\"https:\/\/vogliadimare.com\/privacy-policy-2\/\"><span style=\"color: #cccccc;\">note legali<\/span><\/a> &#8211; <span style=\"color: #cccccc;\"><span style=\"color: #e0e0e0;\"><a style=\"color: #e0e0e0;\" href=\"https:\/\/vogliadimare.com\/privacy-policy\/\">privacy policy<\/a><\/span> &#8211;<\/span> Copyright Voglia di mare 2020\u00a9- P.Iva 02151020811 \u00a0&#8211; Website by: <a href=\"https:\/\/www.pangea-ad.it\" target=\"_blank\" rel=\"noopener\">Pangea-ad.it<\/a><\/p><\/div>\n\t\t\t\t<\/div>\n\t\t\t\t<\/div>\n\t\t\t\t<div class=\"elementor-element elementor-element-fdf8dd0 elementor-shape-circle elementor-hidden-tablet elementor-hidden-phone elementor-widget elementor-widget-social-icons\" data-id=\"fdf8dd0\" data-element_type=\"widget\" data-widget_type=\"social-icons.default\">\n\t\t\t\t<div class=\"elementor-widget-container\">\n\t\t\t\t\t<div class=\"elementor-social-icons-wrapper\">\n\t\t\t\t\t\t\t<a class=\"elementor-icon elementor-social-icon elementor-social-icon-facebook elementor-repeater-item-bbe8511\" href=\"https:\/\/www.facebook.com\/Vogliadimaredivingcenter\/\" target=\"_blank\">\n\t\t\t\t\t<span class=\"elementor-screen-only\">Facebook<\/span>\n\t\t\t\t\t<i class=\"fab fa-facebook\"><\/i>\t\t\t\t<\/a>\n\t\t\t\t\t\t\t<a class=\"elementor-icon elementor-social-icon elementor-social-icon-youtube elementor-repeater-item-4c2915b\" href=\"https:\/\/www.youtube.com\/channel\/UCfALSaGbQV6a1VMHQKVpmLw\" target=\"_blank\">\n\t\t\t\t\t<span class=\"elementor-screen-only\">Youtube<\/span>\n\t\t\t\t\t<i class=\"fab fa-youtube\"><\/i>\t\t\t\t<\/a>\n\t\t\t\t\t\t\t<a class=\"elementor-icon elementor-social-icon elementor-social-icon-instagram elementor-repeater-item-b1b9057\" href=\"https:\/\/instagram.com\/vogliadimaredivingcenter\" target=\"_blank\">\n\t\t\t\t\t<span class=\"elementor-screen-only\">Instagram<\/span>\n\t\t\t\t\t<i class=\"fab fa-instagram\"><\/i>\t\t\t\t<\/a>\n\t\t\t\t\t\t\t<a class=\"elementor-icon elementor-social-icon elementor-social-icon-envelope elementor-repeater-item-b41522e\" href=\"https:\/\/vogliadimare.com\/contatti\/\">\n\t\t\t\t\t<span class=\"elementor-screen-only\">Envelope<\/span>\n\t\t\t\t\t<i class=\"fas fa-envelope\"><\/i>\t\t\t\t<\/a>\n\t\t\t\t\t<\/div>\n\t\t\t\t<\/div>\n\t\t\t\t<\/div>\n\t\t\t\t<div class=\"elementor-element elementor-element-8ba1878 elementor-widget elementor-widget-image\" data-id=\"8ba1878\" data-element_type=\"widget\" data-widget_type=\"image.default\">\n\t\t\t\t<div class=\"elementor-widget-container\">\n\t\t\t\t\t<div class=\"elementor-image\">\n\t\t\t\t\t\t\t\t\t\t<img loading=\"lazy\" decoding=\"async\" width=\"35\" height=\"52\" src=\"https:\/\/vogliadimare.com\/wp-content\/uploads\/2020\/02\/padi-logo.svg\" class=\"attachment-full size-full\" alt=\"\" \/>\t\t\t\t\t\t\t\t\t\t\t<\/div>\n\t\t\t\t<\/div>\n\t\t\t\t<\/div>\n\t\t\t\t\t\t<\/div>\n\t\t\t<\/div>\n\t\t<\/div>\n\t\t\t\t\t\t<\/div>\n\t\t\t<\/div>\n\t\t<\/section>\n\t\t\t\t\t\t<\/div>\n\t\t\t<\/div>\n\t\t<\/div>\n\t\t        <\/div>\n        \t\t<\/div>\n\t\t\t\t<\/div>\n\t\t\t\t\t\t<\/div>\n\t\t\t<\/div>\n\t\t<\/div>\n\t\t\t\t\t\t<\/div>\n\t\t\t<\/div>\n\t\t<\/section>\n\t\t\t\t\t\t<\/div>\n\t\t\t<\/div>\n\t\t<\/div>\n\t\t","protected":false},"excerpt":{"rendered":"<p>du 19 au 26 septembre Programme du cours fotosub Mat\u00e9riel photographique et techniques de baseLe choix de l\u2019appareil photo (compact, bridge et reflex) \u2013 Le monde de scafandrate \u2013 plongeurs flash \u2013 Optique sous-marine utiles \u2013 Accessoires, bras et supports. Lumi\u00e8re sous-marineGestion de la lumi\u00e8re \u2013 Balance des blancs \u2013 utilisation du flash \u2013 travail [&hellip;]<\/p>\n","protected":false},"author":1,"featured_media":1235,"parent":1530,"menu_order":0,"comment_status":"closed","ping_status":"closed","template":"","meta":{"footnotes":""},"class_list":["post-1558","page","type-page","status-publish","has-post-thumbnail","hentry"],"_links":{"self":[{"href":"https:\/\/vogliadimare.com\/fr\/wp-json\/wp\/v2\/pages\/1558\/"}],"collection":[{"href":"https:\/\/vogliadimare.com\/fr\/wp-json\/wp\/v2\/pages\/"}],"about":[{"href":"https:\/\/vogliadimare.com\/fr\/wp-json\/wp\/v2\/types\/page\/"}],"author":[{"embeddable":true,"href":"https:\/\/vogliadimare.com\/fr\/wp-json\/wp\/v2\/users\/1\/"}],"replies":[{"embeddable":true,"href":"https:\/\/vogliadimare.com\/fr\/wp-json\/wp\/v2\/comments\/?post=1558"}],"version-history":[{"count":5,"href":"https:\/\/vogliadimare.com\/fr\/wp-json\/wp\/v2\/pages\/1558\/revisions\/"}],"predecessor-version":[{"id":1575,"href":"https:\/\/vogliadimare.com\/fr\/wp-json\/wp\/v2\/pages\/1558\/revisions\/1575\/"}],"up":[{"embeddable":true,"href":"https:\/\/vogliadimare.com\/fr\/wp-json\/wp\/v2\/pages\/1530\/"}],"wp:featuredmedia":[{"embeddable":true,"href":"https:\/\/vogliadimare.com\/fr\/wp-json\/wp\/v2\/media\/1235\/"}],"wp:attachment":[{"href":"https:\/\/vogliadimare.com\/fr\/wp-json\/wp\/v2\/media\/?parent=1558"}],"curies":[{"name":"wp","href":"https:\/\/api.w.org\/{rel}","templated":true}]}}