{"id":1428,"date":"2020-02-23T14:47:11","date_gmt":"2020-02-23T13:47:11","guid":{"rendered":"https:\/\/vogliadimare.com\/diving\/stazione-di-ricarica\/"},"modified":"2020-03-24T16:18:04","modified_gmt":"2020-03-24T15:18:04","slug":"stazione-di-ricarica","status":"publish","type":"page","link":"https:\/\/vogliadimare.com\/fr\/diving\/stazione-di-ricarica\/","title":{"rendered":"Nixtron \u00e0 bord"},"content":{"rendered":"\t\t<div data-elementor-type=\"wp-page\" data-elementor-id=\"1428\" class=\"elementor elementor-1428\" data-elementor-settings=\"[]\">\n\t\t\t<div class=\"elementor-inner\">\n\t\t\t\t<div class=\"elementor-section-wrap\">\n\t\t\t\t\t\t\t<section class=\"elementor-element elementor-element-4049e89 elementor-section-stretched elementor-section-full_width elementor-section-height-min-height elementor-section-height-default elementor-section-items-middle elementor-section elementor-top-section\" data-id=\"4049e89\" data-element_type=\"section\" data-settings=\"{&quot;stretch_section&quot;:&quot;section-stretched&quot;,&quot;background_background&quot;:&quot;classic&quot;}\">\n\t\t\t\t\t\t<div class=\"elementor-container elementor-column-gap-no\">\n\t\t\t\t<div class=\"elementor-row\">\n\t\t\t\t<div class=\"aux-parallax-section elementor-element elementor-element-87a0bec elementor-column elementor-col-100 elementor-top-column\" data-id=\"87a0bec\" data-element_type=\"column\" data-settings=\"{&quot;background_background&quot;:&quot;classic&quot;}\">\n\t\t\t<div class=\"elementor-column-wrap\">\n\t\t\t\t\t<div class=\"elementor-widget-wrap\">\n\t\t\t\t\t\t<\/div>\n\t\t\t<\/div>\n\t\t<\/div>\n\t\t\t\t\t\t<\/div>\n\t\t\t<\/div>\n\t\t<\/section>\n\t\t\t\t<section class=\"elementor-element elementor-element-c57cd4b elementor-section-boxed elementor-section-height-default elementor-section-height-default elementor-section elementor-top-section\" data-id=\"c57cd4b\" data-element_type=\"section\">\n\t\t\t\t\t\t<div class=\"elementor-container elementor-column-gap-default\">\n\t\t\t\t<div class=\"elementor-row\">\n\t\t\t\t<div class=\"aux-parallax-section elementor-element elementor-element-a84e352 elementor-column elementor-col-100 elementor-top-column\" data-id=\"a84e352\" data-element_type=\"column\">\n\t\t\t<div class=\"elementor-column-wrap  elementor-element-populated\">\n\t\t\t\t\t<div class=\"elementor-widget-wrap\">\n\t\t\t\t<div class=\"elementor-element elementor-element-46a5579 elementor-widget elementor-widget-heading\" data-id=\"46a5579\" data-element_type=\"widget\" data-widget_type=\"heading.default\">\n\t\t\t\t<div class=\"elementor-widget-container\">\n\t\t\t<h2 class=\"elementor-heading-title elementor-size-default\">Nixtron \u00e0 bord<\/h2>\t\t<\/div>\n\t\t\t\t<\/div>\n\t\t\t\t\t\t<\/div>\n\t\t\t<\/div>\n\t\t<\/div>\n\t\t\t\t\t\t<\/div>\n\t\t\t<\/div>\n\t\t<\/section>\n\t\t\t\t<section class=\"elementor-element elementor-element-f48f968 elementor-section-boxed elementor-section-height-default elementor-section-height-default elementor-section elementor-top-section\" data-id=\"f48f968\" data-element_type=\"section\">\n\t\t\t\t\t\t<div class=\"elementor-container elementor-column-gap-default\">\n\t\t\t\t<div class=\"elementor-row\">\n\t\t\t\t<div class=\"aux-parallax-section elementor-element elementor-element-f8a383d elementor-column elementor-col-100 elementor-top-column\" data-id=\"f8a383d\" data-element_type=\"column\">\n\t\t\t<div class=\"elementor-column-wrap  elementor-element-populated\">\n\t\t\t\t\t<div class=\"elementor-widget-wrap\">\n\t\t\t\t<div class=\"elementor-element elementor-element-c1ba1a6 elementor-widget elementor-widget-text-editor\" data-id=\"c1ba1a6\" data-element_type=\"widget\" data-widget_type=\"text-editor.default\">\n\t\t\t\t<div class=\"elementor-widget-container\">\n\t\t\t\t\t<div class=\"elementor-text-editor elementor-clearfix\"><p>D\u00e9sir de la mer d.c. c\u2019est le premier sous-centre \u00e0 offrir un tel service sur l\u2019\u00eele de Marettimo.<\/p><p>Nous sommes heureux de annoncer que sur le Gisella, il est possible de plonger dans Nitrox, m\u00e9lang\u00e9 avec un syst\u00e8me de charge avec une unit\u00e9 de contr\u00f4le \u00e9lectronique BTA<\/p><p>Les plong\u00e9es seront Nitrox 28, avec le profil de l\u2019air et seront r\u00e9serv\u00e9es uniquement aux personnes en possession du brevet correspondant d\u2019une institution reconnue internationalement.<\/p><p>Avec le Nitrox 28, vous pouvez utiliser votre propre \u00e9quipement, normalement utilis\u00e9 pour plonger dans les airs. Il n\u2019est pas n\u00e9cessaire d\u2019avoir un \u00e9quipement d\u00e9di\u00e9.<\/p><p>Pour ceux qui veulent plonger Nitrox, mais n\u2019a pas le brevet requis, il sera possible, \u00e0 bord, le cours SSI Nitrox \u00e0 un co\u00fbt de 200 co\u00fbt euro.Il du brevet est d\u00e9j\u00e0 compris tout le mat\u00e9riel p\u00e9dagogique n\u00e9cessaire.<\/p><\/div>\n\t\t\t\t<\/div>\n\t\t\t\t<\/div>\n\t\t\t\t\t\t<\/div>\n\t\t\t<\/div>\n\t\t<\/div>\n\t\t\t\t\t\t<\/div>\n\t\t\t<\/div>\n\t\t<\/section>\n\t\t\t\t<section class=\"elementor-element elementor-element-713d258 elementor-section-stretched elementor-section-full_width elementor-section-height-default elementor-section-height-default elementor-section elementor-top-section\" data-id=\"713d258\" data-element_type=\"section\" data-settings=\"{&quot;stretch_section&quot;:&quot;section-stretched&quot;}\">\n\t\t\t\t\t\t<div class=\"elementor-container elementor-column-gap-no\">\n\t\t\t\t<div class=\"elementor-row\">\n\t\t\t\t<div class=\"aux-parallax-section elementor-element elementor-element-8644a16 elementor-column elementor-col-100 elementor-top-column\" data-id=\"8644a16\" data-element_type=\"column\">\n\t\t\t<div class=\"elementor-column-wrap  elementor-element-populated\">\n\t\t\t\t\t<div class=\"elementor-widget-wrap\">\n\t\t\t\t<div class=\"elementor-element elementor-element-5705808 elementor-widget elementor-widget-aux_template\" data-id=\"5705808\" data-element_type=\"widget\" data-widget_type=\"aux_template.default\">\n\t\t\t\t<div class=\"elementor-widget-container\">\n\t\t\t        <div class=\"elementor-template\">\n            \t\t<div data-elementor-type=\"section\" data-elementor-id=\"57\" class=\"elementor elementor-57\" data-elementor-settings=\"[]\">\n\t\t\t<div class=\"elementor-inner\">\n\t\t\t\t<div class=\"elementor-section-wrap\">\n\t\t\t\t\t\t\t<section class=\"elementor-element elementor-element-00c648d elementor-section-stretched elementor-section-full_width elementor-section-height-default elementor-section-height-default elementor-section elementor-top-section\" data-id=\"00c648d\" data-element_type=\"section\" data-settings=\"{&quot;stretch_section&quot;:&quot;section-stretched&quot;,&quot;background_background&quot;:&quot;classic&quot;}\">\n\t\t\t\t\t\t<div class=\"elementor-container elementor-column-gap-no\">\n\t\t\t\t<div class=\"elementor-row\">\n\t\t\t\t<div class=\"aux-parallax-section elementor-element elementor-element-fa4b426 elementor-column elementor-col-100 elementor-top-column\" data-id=\"fa4b426\" data-element_type=\"column\">\n\t\t\t<div class=\"elementor-column-wrap  elementor-element-populated\">\n\t\t\t\t\t<div class=\"elementor-widget-wrap\">\n\t\t\t\t<div class=\"elementor-element elementor-element-c8355a9 elementor-widget elementor-widget-image\" data-id=\"c8355a9\" data-element_type=\"widget\" data-widget_type=\"image.default\">\n\t\t\t\t<div class=\"elementor-widget-container\">\n\t\t\t\t\t<div class=\"elementor-image\">\n\t\t\t\t\t\t\t\t\t\t<img loading=\"lazy\" decoding=\"async\" width=\"292\" height=\"65\" src=\"https:\/\/vogliadimare.com\/wp-content\/uploads\/2020\/02\/logo-footer-4.svg\" class=\"attachment-full size-full\" alt=\"\" \/>\t\t\t\t\t\t\t\t\t\t\t<\/div>\n\t\t\t\t<\/div>\n\t\t\t\t<\/div>\n\t\t\t\t<div class=\"elementor-element elementor-element-8cfac7e elementor-widget elementor-widget-aux_menu_box\" data-id=\"8cfac7e\" data-element_type=\"widget\" data-widget_type=\"aux_menu_box.default\">\n\t\t\t\t<div class=\"elementor-widget-container\">\n\t\t\t<div class=\"aux-elementor-header aux-nav-menu-element aux-nav-menu-element-8cfac7e\"><div class=\"aux-burger-box\" data-target-panel=\"toggle-bar\" data-target-content=\".elementor-element-8cfac7e .aux-master-menu\"><div class=\"aux-burger aux-lite-small\"><span class=\"mid-line\"><\/span><\/div><\/div><!-- start master menu -->\n<nav id=\"master-menu-elementor-8cfac7e\" class=\"menu-footer-francese-container\">\n\n\t<ul id=\"menu-footer-francese\" class=\"aux-master-menu aux-no-js aux-skin-classic aux-with-indicator aux-horizontal\" data-type=\"horizontal\"  data-switch-type=\"toggle\" data-switch-parent=\".elementor-element-8cfac7e .aux-toggle-menu-bar\" data-switch-width=\"91\"  >\n\t\t<!-- start single menu -->\n\t\t<li id=\"menu-item-1691\" class=\"menu-item menu-item-type-post_type menu-item-object-page menu-item-home menu-item-1691 aux-menu-depth-0 aux-menu-root-1 aux-menu-item\">\n\t\t\t<a href=\"https:\/\/vogliadimare.com\/fr\/\" class=\"aux-item-content\">\n\t\t\t\t<span class=\"aux-menu-label\">Home<\/span>\n\t\t\t<\/a>\n\t\t<\/li>\n\t\t<!-- end single menu -->\n\t\t<!-- start single menu -->\n\t\t<li id=\"menu-item-1692\" class=\"menu-item menu-item-type-post_type menu-item-object-page menu-item-1692 aux-menu-depth-0 aux-menu-root-2 aux-menu-item\">\n\t\t\t<a href=\"https:\/\/vogliadimare.com\/fr\/diving\/\" class=\"aux-item-content\">\n\t\t\t\t<span class=\"aux-menu-label\">Diving<\/span>\n\t\t\t<\/a>\n\t\t<\/li>\n\t\t<!-- end single menu -->\n\t\t<!-- start single menu -->\n\t\t<li id=\"menu-item-1693\" class=\"menu-item menu-item-type-post_type menu-item-object-page menu-item-1693 aux-menu-depth-0 aux-menu-root-3 aux-menu-item\">\n\t\t\t<a href=\"https:\/\/vogliadimare.com\/fr\/corsi\/\" class=\"aux-item-content\">\n\t\t\t\t<span class=\"aux-menu-label\">Nous cours<\/span>\n\t\t\t<\/a>\n\t\t<\/li>\n\t\t<!-- end single menu -->\n\t\t<!-- start single menu -->\n\t\t<li id=\"menu-item-1701\" class=\"menu-item menu-item-type-post_type menu-item-object-page menu-item-1701 aux-menu-depth-0 aux-menu-root-4 aux-menu-item\">\n\t\t\t<a href=\"https:\/\/vogliadimare.com\/fr\/servizi\/\" class=\"aux-item-content\">\n\t\t\t\t<span class=\"aux-menu-label\">Services<\/span>\n\t\t\t<\/a>\n\t\t<\/li>\n\t\t<!-- end single menu -->\n\t\t<!-- start single menu -->\n\t\t<li id=\"menu-item-1702\" class=\"menu-item menu-item-type-post_type menu-item-object-page menu-item-1702 aux-menu-depth-0 aux-menu-root-5 aux-menu-item\">\n\t\t\t<a href=\"https:\/\/vogliadimare.com\/fr\/gruppi\/\" class=\"aux-item-content\">\n\t\t\t\t<span class=\"aux-menu-label\">Groupes<\/span>\n\t\t\t<\/a>\n\t\t<\/li>\n\t\t<!-- end single menu -->\n\t\t<!-- start single menu -->\n\t\t<li id=\"menu-item-1703\" class=\"menu-item menu-item-type-post_type menu-item-object-page menu-item-1703 aux-menu-depth-0 aux-menu-root-6 aux-menu-item\">\n\t\t\t<a href=\"https:\/\/vogliadimare.com\/fr\/soggiorni\/\" class=\"aux-item-content\">\n\t\t\t\t<span class=\"aux-menu-label\">H\u00e9bergement<\/span>\n\t\t\t<\/a>\n\t\t<\/li>\n\t\t<!-- end single menu -->\n\t\t<!-- start single menu -->\n\t\t<li id=\"menu-item-1704\" class=\"menu-item menu-item-type-post_type menu-item-object-page menu-item-1704 aux-menu-depth-0 aux-menu-root-7 aux-menu-item\">\n\t\t\t<a href=\"https:\/\/vogliadimare.com\/fr\/offerte\/\" class=\"aux-item-content\">\n\t\t\t\t<span class=\"aux-menu-label\">Offres<\/span>\n\t\t\t<\/a>\n\t\t<\/li>\n\t\t<!-- end single menu -->\n\t\t<!-- start single menu -->\n\t\t<li id=\"menu-item-1705\" class=\"menu-item menu-item-type-post_type menu-item-object-page menu-item-1705 aux-menu-depth-0 aux-menu-root-8 aux-menu-item\">\n\t\t\t<a href=\"https:\/\/vogliadimare.com\/fr\/listino-prezzi\/\" class=\"aux-item-content\">\n\t\t\t\t<span class=\"aux-menu-label\">Liste de Prix<\/span>\n\t\t\t<\/a>\n\t\t<\/li>\n\t\t<!-- end single menu -->\n\t\t<!-- start single menu -->\n\t\t<li id=\"menu-item-1706\" class=\"menu-item menu-item-type-post_type menu-item-object-page menu-item-1706 aux-menu-depth-0 aux-menu-root-9 aux-menu-item\">\n\t\t\t<a href=\"https:\/\/vogliadimare.com\/fr\/news\/\" class=\"aux-item-content\">\n\t\t\t\t<span class=\"aux-menu-label\">Voyagez avec nous<\/span>\n\t\t\t<\/a>\n\t\t<\/li>\n\t\t<!-- end single menu -->\n\t\t<!-- start single menu -->\n\t\t<li id=\"menu-item-1707\" class=\"menu-item menu-item-type-post_type menu-item-object-page menu-item-1707 aux-menu-depth-0 aux-menu-root-10 aux-menu-item\">\n\t\t\t<a href=\"https:\/\/vogliadimare.com\/fr\/contatti\/\" class=\"aux-item-content\">\n\t\t\t\t<span class=\"aux-menu-label\">Contacts<\/span>\n\t\t\t<\/a>\n\t\t<\/li>\n\t\t<!-- end single menu -->\n\t<\/ul>\n\n<\/nav>\n<!-- end master menu -->\n<div class=\"aux-toggle-menu-bar\"><\/div><\/div><style>@media only screen and (min-width: 91px) { .elementor-element-8cfac7e .aux-burger-box { display: none } }<\/style>\t\t<\/div>\n\t\t\t\t<\/div>\n\t\t\t\t<div class=\"elementor-element elementor-element-8700c55 elementor-widget elementor-widget-divider\" data-id=\"8700c55\" data-element_type=\"widget\" data-widget_type=\"divider.default\">\n\t\t\t\t<div class=\"elementor-widget-container\">\n\t\t\t\t\t<div class=\"elementor-divider\">\n\t\t\t<span class=\"elementor-divider-separator\">\n\t\t\t\t\t\t<\/span>\n\t\t<\/div>\n\t\t\t\t<\/div>\n\t\t\t\t<\/div>\n\t\t\t\t<div class=\"elementor-element elementor-element-90c1fad elementor-widget elementor-widget-text-editor\" data-id=\"90c1fad\" data-element_type=\"widget\" data-widget_type=\"text-editor.default\">\n\t\t\t\t<div class=\"elementor-widget-container\">\n\t\t\t\t\t<div class=\"elementor-text-editor elementor-clearfix\"><p><a href=\"https:\/\/vogliadimare.com\/privacy-policy-2\/\"><span style=\"color: #cccccc;\">note legali<\/span><\/a> &#8211; <span style=\"color: #cccccc;\"><span style=\"color: #e0e0e0;\"><a style=\"color: #e0e0e0;\" href=\"https:\/\/vogliadimare.com\/privacy-policy\/\">privacy policy<\/a><\/span> &#8211;<\/span> Copyright Voglia di mare 2020\u00a9- P.Iva 02151020811 \u00a0&#8211; Website by: <a href=\"https:\/\/www.pangea-ad.it\" target=\"_blank\" rel=\"noopener\">Pangea-ad.it<\/a><\/p><\/div>\n\t\t\t\t<\/div>\n\t\t\t\t<\/div>\n\t\t\t\t<div class=\"elementor-element elementor-element-fdf8dd0 elementor-shape-circle elementor-hidden-tablet elementor-hidden-phone elementor-widget elementor-widget-social-icons\" data-id=\"fdf8dd0\" data-element_type=\"widget\" data-widget_type=\"social-icons.default\">\n\t\t\t\t<div class=\"elementor-widget-container\">\n\t\t\t\t\t<div class=\"elementor-social-icons-wrapper\">\n\t\t\t\t\t\t\t<a class=\"elementor-icon elementor-social-icon elementor-social-icon-facebook elementor-repeater-item-bbe8511\" href=\"https:\/\/www.facebook.com\/Vogliadimaredivingcenter\/\" target=\"_blank\">\n\t\t\t\t\t<span class=\"elementor-screen-only\">Facebook<\/span>\n\t\t\t\t\t<i class=\"fab fa-facebook\"><\/i>\t\t\t\t<\/a>\n\t\t\t\t\t\t\t<a class=\"elementor-icon elementor-social-icon elementor-social-icon-youtube elementor-repeater-item-4c2915b\" href=\"https:\/\/www.youtube.com\/channel\/UCfALSaGbQV6a1VMHQKVpmLw\" target=\"_blank\">\n\t\t\t\t\t<span class=\"elementor-screen-only\">Youtube<\/span>\n\t\t\t\t\t<i class=\"fab fa-youtube\"><\/i>\t\t\t\t<\/a>\n\t\t\t\t\t\t\t<a class=\"elementor-icon elementor-social-icon elementor-social-icon-instagram elementor-repeater-item-b1b9057\" href=\"https:\/\/instagram.com\/vogliadimaredivingcenter\" target=\"_blank\">\n\t\t\t\t\t<span class=\"elementor-screen-only\">Instagram<\/span>\n\t\t\t\t\t<i class=\"fab fa-instagram\"><\/i>\t\t\t\t<\/a>\n\t\t\t\t\t\t\t<a class=\"elementor-icon elementor-social-icon elementor-social-icon-envelope elementor-repeater-item-b41522e\" href=\"https:\/\/vogliadimare.com\/contatti\/\">\n\t\t\t\t\t<span class=\"elementor-screen-only\">Envelope<\/span>\n\t\t\t\t\t<i class=\"fas fa-envelope\"><\/i>\t\t\t\t<\/a>\n\t\t\t\t\t<\/div>\n\t\t\t\t<\/div>\n\t\t\t\t<\/div>\n\t\t\t\t<div class=\"elementor-element elementor-element-8ba1878 elementor-widget elementor-widget-image\" data-id=\"8ba1878\" data-element_type=\"widget\" data-widget_type=\"image.default\">\n\t\t\t\t<div class=\"elementor-widget-container\">\n\t\t\t\t\t<div class=\"elementor-image\">\n\t\t\t\t\t\t\t\t\t\t<img loading=\"lazy\" decoding=\"async\" width=\"35\" height=\"52\" src=\"https:\/\/vogliadimare.com\/wp-content\/uploads\/2020\/02\/padi-logo.svg\" class=\"attachment-full size-full\" alt=\"\" \/>\t\t\t\t\t\t\t\t\t\t\t<\/div>\n\t\t\t\t<\/div>\n\t\t\t\t<\/div>\n\t\t\t\t\t\t<\/div>\n\t\t\t<\/div>\n\t\t<\/div>\n\t\t\t\t\t\t<\/div>\n\t\t\t<\/div>\n\t\t<\/section>\n\t\t\t\t\t\t<\/div>\n\t\t\t<\/div>\n\t\t<\/div>\n\t\t        <\/div>\n        \t\t<\/div>\n\t\t\t\t<\/div>\n\t\t\t\t\t\t<\/div>\n\t\t\t<\/div>\n\t\t<\/div>\n\t\t\t\t\t\t<\/div>\n\t\t\t<\/div>\n\t\t<\/section>\n\t\t\t\t\t\t<\/div>\n\t\t\t<\/div>\n\t\t<\/div>\n\t\t","protected":false},"excerpt":{"rendered":"<p>D\u00e9sir de la mer d.c. c\u2019est le premier sous-centre \u00e0 offrir un tel service sur l\u2019\u00eele de Marettimo. Nous sommes heureux de annoncer que sur le Gisella, il est possible de plonger dans Nitrox, m\u00e9lang\u00e9 avec un syst\u00e8me de charge avec une unit\u00e9 de contr\u00f4le \u00e9lectronique BTA Les plong\u00e9es seront Nitrox 28, avec le profil [&hellip;]<\/p>\n","protected":false},"author":1,"featured_media":1236,"parent":1205,"menu_order":0,"comment_status":"closed","ping_status":"closed","template":"","meta":{"footnotes":""},"class_list":["post-1428","page","type-page","status-publish","has-post-thumbnail","hentry"],"_links":{"self":[{"href":"https:\/\/vogliadimare.com\/fr\/wp-json\/wp\/v2\/pages\/1428\/"}],"collection":[{"href":"https:\/\/vogliadimare.com\/fr\/wp-json\/wp\/v2\/pages\/"}],"about":[{"href":"https:\/\/vogliadimare.com\/fr\/wp-json\/wp\/v2\/types\/page\/"}],"author":[{"embeddable":true,"href":"https:\/\/vogliadimare.com\/fr\/wp-json\/wp\/v2\/users\/1\/"}],"replies":[{"embeddable":true,"href":"https:\/\/vogliadimare.com\/fr\/wp-json\/wp\/v2\/comments\/?post=1428"}],"version-history":[{"count":2,"href":"https:\/\/vogliadimare.com\/fr\/wp-json\/wp\/v2\/pages\/1428\/revisions\/"}],"predecessor-version":[{"id":1435,"href":"https:\/\/vogliadimare.com\/fr\/wp-json\/wp\/v2\/pages\/1428\/revisions\/1435\/"}],"up":[{"embeddable":true,"href":"https:\/\/vogliadimare.com\/fr\/wp-json\/wp\/v2\/pages\/1205\/"}],"wp:featuredmedia":[{"embeddable":true,"href":"https:\/\/vogliadimare.com\/fr\/wp-json\/wp\/v2\/media\/1236\/"}],"wp:attachment":[{"href":"https:\/\/vogliadimare.com\/fr\/wp-json\/wp\/v2\/media\/?parent=1428"}],"curies":[{"name":"wp","href":"https:\/\/api.w.org\/{rel}","templated":true}]}}