{"id":1280,"date":"2020-02-23T14:50:58","date_gmt":"2020-02-23T13:50:58","guid":{"rendered":"https:\/\/vogliadimare.com\/diving\/fly-light\/"},"modified":"2020-03-24T09:40:28","modified_gmt":"2020-03-24T08:40:28","slug":"fly-light","status":"publish","type":"page","link":"https:\/\/vogliadimare.com\/fr\/diving\/fly-light\/","title":{"rendered":"Fly light"},"content":{"rendered":"\t\t<div data-elementor-type=\"wp-page\" data-elementor-id=\"1280\" class=\"elementor elementor-1280\" data-elementor-settings=\"[]\">\n\t\t\t<div class=\"elementor-inner\">\n\t\t\t\t<div class=\"elementor-section-wrap\">\n\t\t\t\t\t\t\t<section class=\"elementor-element elementor-element-64694f7 elementor-section-stretched elementor-section-full_width elementor-section-height-min-height elementor-section-height-default elementor-section-items-middle elementor-section elementor-top-section\" data-id=\"64694f7\" data-element_type=\"section\" data-settings=\"{&quot;stretch_section&quot;:&quot;section-stretched&quot;,&quot;background_background&quot;:&quot;classic&quot;}\">\n\t\t\t\t\t\t<div class=\"elementor-container elementor-column-gap-no\">\n\t\t\t\t<div class=\"elementor-row\">\n\t\t\t\t<div class=\"aux-parallax-section elementor-element elementor-element-03fdd53 elementor-column elementor-col-100 elementor-top-column\" data-id=\"03fdd53\" data-element_type=\"column\" data-settings=\"{&quot;background_background&quot;:&quot;classic&quot;}\">\n\t\t\t<div class=\"elementor-column-wrap\">\n\t\t\t\t\t<div class=\"elementor-widget-wrap\">\n\t\t\t\t\t\t<\/div>\n\t\t\t<\/div>\n\t\t<\/div>\n\t\t\t\t\t\t<\/div>\n\t\t\t<\/div>\n\t\t<\/section>\n\t\t\t\t<section class=\"elementor-element elementor-element-752cc6e elementor-section-boxed elementor-section-height-default elementor-section-height-default elementor-section elementor-top-section\" data-id=\"752cc6e\" data-element_type=\"section\">\n\t\t\t\t\t\t<div class=\"elementor-container elementor-column-gap-default\">\n\t\t\t\t<div class=\"elementor-row\">\n\t\t\t\t<div class=\"aux-parallax-section elementor-element elementor-element-d66a9a4 elementor-column elementor-col-100 elementor-top-column\" data-id=\"d66a9a4\" data-element_type=\"column\">\n\t\t\t<div class=\"elementor-column-wrap  elementor-element-populated\">\n\t\t\t\t\t<div class=\"elementor-widget-wrap\">\n\t\t\t\t<div class=\"elementor-element elementor-element-d67944b elementor-widget elementor-widget-heading\" data-id=\"d67944b\" data-element_type=\"widget\" data-widget_type=\"heading.default\">\n\t\t\t\t<div class=\"elementor-widget-container\">\n\t\t\t<h2 class=\"elementor-heading-title elementor-size-default\">Fly light<\/h2>\t\t<\/div>\n\t\t\t\t<\/div>\n\t\t\t\t\t\t<\/div>\n\t\t\t<\/div>\n\t\t<\/div>\n\t\t\t\t\t\t<\/div>\n\t\t\t<\/div>\n\t\t<\/section>\n\t\t\t\t<section class=\"elementor-element elementor-element-2f1ef05 elementor-section-boxed elementor-section-height-default elementor-section-height-default elementor-section elementor-top-section\" data-id=\"2f1ef05\" data-element_type=\"section\">\n\t\t\t\t\t\t<div class=\"elementor-container elementor-column-gap-default\">\n\t\t\t\t<div class=\"elementor-row\">\n\t\t\t\t<div class=\"aux-parallax-section elementor-element elementor-element-9e29581 elementor-column elementor-col-100 elementor-top-column\" data-id=\"9e29581\" data-element_type=\"column\">\n\t\t\t<div class=\"elementor-column-wrap  elementor-element-populated\">\n\t\t\t\t\t<div class=\"elementor-widget-wrap\">\n\t\t\t\t<div class=\"elementor-element elementor-element-3d407f4 elementor-widget elementor-widget-text-editor\" data-id=\"3d407f4\" data-element_type=\"widget\" data-widget_type=\"text-editor.default\">\n\t\t\t\t<div class=\"elementor-widget-container\">\n\t\t\t\t\t<div class=\"elementor-text-editor elementor-clearfix\"><p>Envoyez vos bagages et volez l\u00e9g\u00e8rement sur l\u2019\u00eele qui est \u2026\u2026.<br \/>Si vous acceptez notre suggestion, votre voyage sera plus confortable et \u2026 .abordable.<\/p><p>Vos \u00e9quipements, exp\u00e9di\u00e9s au moins dix jours avant, seront gard\u00e9s \u00e0 la plong\u00e9e jusqu\u2019\u00e0 votre arriv\u00e9e et, sans trop d\u2019effort, vous vous retrouverez immerg\u00e9 dans les profondeurs magiques de la zone marine prot\u00e9g\u00e9e de Marettimo pour passer des vacances magiques dans l\u2019une des plus belles \u00eeles m\u00e9diterran\u00e9en.<\/p><p>A la fin des vacances, si vous ne le faites pas \u00e0 temps, nous prendrons soin de vous renvoyer vos bagages. Avec le service postal, vous pouvez envoyer vos bagages pour un prix unique jusqu\u2019\u00e0 30 kg dans toute l\u2019Italie.<\/p><\/div>\n\t\t\t\t<\/div>\n\t\t\t\t<\/div>\n\t\t\t\t\t\t<\/div>\n\t\t\t<\/div>\n\t\t<\/div>\n\t\t\t\t\t\t<\/div>\n\t\t\t<\/div>\n\t\t<\/section>\n\t\t\t\t<section class=\"elementor-element elementor-element-e5d74f1 elementor-section-stretched elementor-section-full_width elementor-section-height-default elementor-section-height-default elementor-section elementor-top-section\" data-id=\"e5d74f1\" data-element_type=\"section\" data-settings=\"{&quot;stretch_section&quot;:&quot;section-stretched&quot;}\">\n\t\t\t\t\t\t<div class=\"elementor-container elementor-column-gap-no\">\n\t\t\t\t<div class=\"elementor-row\">\n\t\t\t\t<div class=\"aux-parallax-section elementor-element elementor-element-068230a elementor-column elementor-col-100 elementor-top-column\" data-id=\"068230a\" data-element_type=\"column\">\n\t\t\t<div class=\"elementor-column-wrap  elementor-element-populated\">\n\t\t\t\t\t<div class=\"elementor-widget-wrap\">\n\t\t\t\t<div class=\"elementor-element elementor-element-a7f6b32 elementor-widget elementor-widget-aux_template\" data-id=\"a7f6b32\" data-element_type=\"widget\" data-widget_type=\"aux_template.default\">\n\t\t\t\t<div class=\"elementor-widget-container\">\n\t\t\t        <div class=\"elementor-template\">\n            \t\t<div data-elementor-type=\"section\" data-elementor-id=\"57\" class=\"elementor elementor-57\" data-elementor-settings=\"[]\">\n\t\t\t<div class=\"elementor-inner\">\n\t\t\t\t<div class=\"elementor-section-wrap\">\n\t\t\t\t\t\t\t<section class=\"elementor-element elementor-element-00c648d elementor-section-stretched elementor-section-full_width elementor-section-height-default elementor-section-height-default elementor-section elementor-top-section\" data-id=\"00c648d\" data-element_type=\"section\" data-settings=\"{&quot;stretch_section&quot;:&quot;section-stretched&quot;,&quot;background_background&quot;:&quot;classic&quot;}\">\n\t\t\t\t\t\t<div class=\"elementor-container elementor-column-gap-no\">\n\t\t\t\t<div class=\"elementor-row\">\n\t\t\t\t<div class=\"aux-parallax-section elementor-element elementor-element-fa4b426 elementor-column elementor-col-100 elementor-top-column\" data-id=\"fa4b426\" data-element_type=\"column\">\n\t\t\t<div class=\"elementor-column-wrap  elementor-element-populated\">\n\t\t\t\t\t<div class=\"elementor-widget-wrap\">\n\t\t\t\t<div class=\"elementor-element elementor-element-c8355a9 elementor-widget elementor-widget-image\" data-id=\"c8355a9\" data-element_type=\"widget\" data-widget_type=\"image.default\">\n\t\t\t\t<div class=\"elementor-widget-container\">\n\t\t\t\t\t<div class=\"elementor-image\">\n\t\t\t\t\t\t\t\t\t\t<img loading=\"lazy\" decoding=\"async\" width=\"292\" height=\"65\" src=\"https:\/\/vogliadimare.com\/wp-content\/uploads\/2020\/02\/logo-footer-4.svg\" class=\"attachment-full size-full\" alt=\"\" \/>\t\t\t\t\t\t\t\t\t\t\t<\/div>\n\t\t\t\t<\/div>\n\t\t\t\t<\/div>\n\t\t\t\t<div class=\"elementor-element elementor-element-8cfac7e elementor-widget elementor-widget-aux_menu_box\" data-id=\"8cfac7e\" data-element_type=\"widget\" data-widget_type=\"aux_menu_box.default\">\n\t\t\t\t<div class=\"elementor-widget-container\">\n\t\t\t<div class=\"aux-elementor-header aux-nav-menu-element aux-nav-menu-element-8cfac7e\"><div class=\"aux-burger-box\" data-target-panel=\"toggle-bar\" data-target-content=\".elementor-element-8cfac7e .aux-master-menu\"><div class=\"aux-burger aux-lite-small\"><span class=\"mid-line\"><\/span><\/div><\/div><!-- start master menu -->\n<nav id=\"master-menu-elementor-8cfac7e\" class=\"menu-footer-francese-container\">\n\n\t<ul id=\"menu-footer-francese\" class=\"aux-master-menu aux-no-js aux-skin-classic aux-with-indicator aux-horizontal\" data-type=\"horizontal\"  data-switch-type=\"toggle\" data-switch-parent=\".elementor-element-8cfac7e .aux-toggle-menu-bar\" data-switch-width=\"91\"  >\n\t\t<!-- start single menu -->\n\t\t<li id=\"menu-item-1691\" class=\"menu-item menu-item-type-post_type menu-item-object-page menu-item-home menu-item-1691 aux-menu-depth-0 aux-menu-root-1 aux-menu-item\">\n\t\t\t<a href=\"https:\/\/vogliadimare.com\/fr\/\" class=\"aux-item-content\">\n\t\t\t\t<span class=\"aux-menu-label\">Home<\/span>\n\t\t\t<\/a>\n\t\t<\/li>\n\t\t<!-- end single menu -->\n\t\t<!-- start single menu -->\n\t\t<li id=\"menu-item-1692\" class=\"menu-item menu-item-type-post_type menu-item-object-page menu-item-1692 aux-menu-depth-0 aux-menu-root-2 aux-menu-item\">\n\t\t\t<a href=\"https:\/\/vogliadimare.com\/fr\/diving\/\" class=\"aux-item-content\">\n\t\t\t\t<span class=\"aux-menu-label\">Diving<\/span>\n\t\t\t<\/a>\n\t\t<\/li>\n\t\t<!-- end single menu -->\n\t\t<!-- start single menu -->\n\t\t<li id=\"menu-item-1693\" class=\"menu-item menu-item-type-post_type menu-item-object-page menu-item-1693 aux-menu-depth-0 aux-menu-root-3 aux-menu-item\">\n\t\t\t<a href=\"https:\/\/vogliadimare.com\/fr\/corsi\/\" class=\"aux-item-content\">\n\t\t\t\t<span class=\"aux-menu-label\">Nous cours<\/span>\n\t\t\t<\/a>\n\t\t<\/li>\n\t\t<!-- end single menu -->\n\t\t<!-- start single menu -->\n\t\t<li id=\"menu-item-1701\" class=\"menu-item menu-item-type-post_type menu-item-object-page menu-item-1701 aux-menu-depth-0 aux-menu-root-4 aux-menu-item\">\n\t\t\t<a href=\"https:\/\/vogliadimare.com\/fr\/servizi\/\" class=\"aux-item-content\">\n\t\t\t\t<span class=\"aux-menu-label\">Services<\/span>\n\t\t\t<\/a>\n\t\t<\/li>\n\t\t<!-- end single menu -->\n\t\t<!-- start single menu -->\n\t\t<li id=\"menu-item-1702\" class=\"menu-item menu-item-type-post_type menu-item-object-page menu-item-1702 aux-menu-depth-0 aux-menu-root-5 aux-menu-item\">\n\t\t\t<a href=\"https:\/\/vogliadimare.com\/fr\/gruppi\/\" class=\"aux-item-content\">\n\t\t\t\t<span class=\"aux-menu-label\">Groupes<\/span>\n\t\t\t<\/a>\n\t\t<\/li>\n\t\t<!-- end single menu -->\n\t\t<!-- start single menu -->\n\t\t<li id=\"menu-item-1703\" class=\"menu-item menu-item-type-post_type menu-item-object-page menu-item-1703 aux-menu-depth-0 aux-menu-root-6 aux-menu-item\">\n\t\t\t<a href=\"https:\/\/vogliadimare.com\/fr\/soggiorni\/\" class=\"aux-item-content\">\n\t\t\t\t<span class=\"aux-menu-label\">H\u00e9bergement<\/span>\n\t\t\t<\/a>\n\t\t<\/li>\n\t\t<!-- end single menu -->\n\t\t<!-- start single menu -->\n\t\t<li id=\"menu-item-1704\" class=\"menu-item menu-item-type-post_type menu-item-object-page menu-item-1704 aux-menu-depth-0 aux-menu-root-7 aux-menu-item\">\n\t\t\t<a href=\"https:\/\/vogliadimare.com\/fr\/offerte\/\" class=\"aux-item-content\">\n\t\t\t\t<span class=\"aux-menu-label\">Offres<\/span>\n\t\t\t<\/a>\n\t\t<\/li>\n\t\t<!-- end single menu -->\n\t\t<!-- start single menu -->\n\t\t<li id=\"menu-item-1705\" class=\"menu-item menu-item-type-post_type menu-item-object-page menu-item-1705 aux-menu-depth-0 aux-menu-root-8 aux-menu-item\">\n\t\t\t<a href=\"https:\/\/vogliadimare.com\/fr\/listino-prezzi\/\" class=\"aux-item-content\">\n\t\t\t\t<span class=\"aux-menu-label\">Liste de Prix<\/span>\n\t\t\t<\/a>\n\t\t<\/li>\n\t\t<!-- end single menu -->\n\t\t<!-- start single menu -->\n\t\t<li id=\"menu-item-1706\" class=\"menu-item menu-item-type-post_type menu-item-object-page menu-item-1706 aux-menu-depth-0 aux-menu-root-9 aux-menu-item\">\n\t\t\t<a href=\"https:\/\/vogliadimare.com\/fr\/news\/\" class=\"aux-item-content\">\n\t\t\t\t<span class=\"aux-menu-label\">Voyagez avec nous<\/span>\n\t\t\t<\/a>\n\t\t<\/li>\n\t\t<!-- end single menu -->\n\t\t<!-- start single menu -->\n\t\t<li id=\"menu-item-1707\" class=\"menu-item menu-item-type-post_type menu-item-object-page menu-item-1707 aux-menu-depth-0 aux-menu-root-10 aux-menu-item\">\n\t\t\t<a href=\"https:\/\/vogliadimare.com\/fr\/contatti\/\" class=\"aux-item-content\">\n\t\t\t\t<span class=\"aux-menu-label\">Contacts<\/span>\n\t\t\t<\/a>\n\t\t<\/li>\n\t\t<!-- end single menu -->\n\t<\/ul>\n\n<\/nav>\n<!-- end master menu -->\n<div class=\"aux-toggle-menu-bar\"><\/div><\/div><style>@media only screen and (min-width: 91px) { .elementor-element-8cfac7e .aux-burger-box { display: none } }<\/style>\t\t<\/div>\n\t\t\t\t<\/div>\n\t\t\t\t<div class=\"elementor-element elementor-element-8700c55 elementor-widget elementor-widget-divider\" data-id=\"8700c55\" data-element_type=\"widget\" data-widget_type=\"divider.default\">\n\t\t\t\t<div class=\"elementor-widget-container\">\n\t\t\t\t\t<div class=\"elementor-divider\">\n\t\t\t<span class=\"elementor-divider-separator\">\n\t\t\t\t\t\t<\/span>\n\t\t<\/div>\n\t\t\t\t<\/div>\n\t\t\t\t<\/div>\n\t\t\t\t<div class=\"elementor-element elementor-element-90c1fad elementor-widget elementor-widget-text-editor\" data-id=\"90c1fad\" data-element_type=\"widget\" data-widget_type=\"text-editor.default\">\n\t\t\t\t<div class=\"elementor-widget-container\">\n\t\t\t\t\t<div class=\"elementor-text-editor elementor-clearfix\"><p><a href=\"https:\/\/vogliadimare.com\/privacy-policy-2\/\"><span style=\"color: #cccccc;\">note legali<\/span><\/a> &#8211; <span style=\"color: #cccccc;\"><span style=\"color: #e0e0e0;\"><a style=\"color: #e0e0e0;\" href=\"https:\/\/vogliadimare.com\/privacy-policy\/\">privacy policy<\/a><\/span> &#8211;<\/span> Copyright Voglia di mare 2020\u00a9- P.Iva 02151020811 \u00a0&#8211; Website by: <a href=\"https:\/\/www.pangea-ad.it\" target=\"_blank\" rel=\"noopener\">Pangea-ad.it<\/a><\/p><\/div>\n\t\t\t\t<\/div>\n\t\t\t\t<\/div>\n\t\t\t\t<div class=\"elementor-element elementor-element-fdf8dd0 elementor-shape-circle elementor-hidden-tablet elementor-hidden-phone elementor-widget elementor-widget-social-icons\" data-id=\"fdf8dd0\" data-element_type=\"widget\" data-widget_type=\"social-icons.default\">\n\t\t\t\t<div class=\"elementor-widget-container\">\n\t\t\t\t\t<div class=\"elementor-social-icons-wrapper\">\n\t\t\t\t\t\t\t<a class=\"elementor-icon elementor-social-icon elementor-social-icon-facebook elementor-repeater-item-bbe8511\" href=\"https:\/\/www.facebook.com\/Vogliadimaredivingcenter\/\" target=\"_blank\">\n\t\t\t\t\t<span class=\"elementor-screen-only\">Facebook<\/span>\n\t\t\t\t\t<i class=\"fab fa-facebook\"><\/i>\t\t\t\t<\/a>\n\t\t\t\t\t\t\t<a class=\"elementor-icon elementor-social-icon elementor-social-icon-youtube elementor-repeater-item-4c2915b\" href=\"https:\/\/www.youtube.com\/channel\/UCfALSaGbQV6a1VMHQKVpmLw\" target=\"_blank\">\n\t\t\t\t\t<span class=\"elementor-screen-only\">Youtube<\/span>\n\t\t\t\t\t<i class=\"fab fa-youtube\"><\/i>\t\t\t\t<\/a>\n\t\t\t\t\t\t\t<a class=\"elementor-icon elementor-social-icon elementor-social-icon-instagram elementor-repeater-item-b1b9057\" href=\"https:\/\/instagram.com\/vogliadimaredivingcenter\" target=\"_blank\">\n\t\t\t\t\t<span class=\"elementor-screen-only\">Instagram<\/span>\n\t\t\t\t\t<i class=\"fab fa-instagram\"><\/i>\t\t\t\t<\/a>\n\t\t\t\t\t\t\t<a class=\"elementor-icon elementor-social-icon elementor-social-icon-envelope elementor-repeater-item-b41522e\" href=\"https:\/\/vogliadimare.com\/contatti\/\">\n\t\t\t\t\t<span class=\"elementor-screen-only\">Envelope<\/span>\n\t\t\t\t\t<i class=\"fas fa-envelope\"><\/i>\t\t\t\t<\/a>\n\t\t\t\t\t<\/div>\n\t\t\t\t<\/div>\n\t\t\t\t<\/div>\n\t\t\t\t<div class=\"elementor-element elementor-element-8ba1878 elementor-widget elementor-widget-image\" data-id=\"8ba1878\" data-element_type=\"widget\" data-widget_type=\"image.default\">\n\t\t\t\t<div class=\"elementor-widget-container\">\n\t\t\t\t\t<div class=\"elementor-image\">\n\t\t\t\t\t\t\t\t\t\t<img loading=\"lazy\" decoding=\"async\" width=\"35\" height=\"52\" src=\"https:\/\/vogliadimare.com\/wp-content\/uploads\/2020\/02\/padi-logo.svg\" class=\"attachment-full size-full\" alt=\"\" \/>\t\t\t\t\t\t\t\t\t\t\t<\/div>\n\t\t\t\t<\/div>\n\t\t\t\t<\/div>\n\t\t\t\t\t\t<\/div>\n\t\t\t<\/div>\n\t\t<\/div>\n\t\t\t\t\t\t<\/div>\n\t\t\t<\/div>\n\t\t<\/section>\n\t\t\t\t\t\t<\/div>\n\t\t\t<\/div>\n\t\t<\/div>\n\t\t        <\/div>\n        \t\t<\/div>\n\t\t\t\t<\/div>\n\t\t\t\t\t\t<\/div>\n\t\t\t<\/div>\n\t\t<\/div>\n\t\t\t\t\t\t<\/div>\n\t\t\t<\/div>\n\t\t<\/section>\n\t\t\t\t\t\t<\/div>\n\t\t\t<\/div>\n\t\t<\/div>\n\t\t","protected":false},"excerpt":{"rendered":"<p>Envoyez vos bagages et volez l\u00e9g\u00e8rement sur l\u2019\u00eele qui est \u2026\u2026.Si vous acceptez notre suggestion, votre voyage sera plus confortable et \u2026 .abordable. Vos \u00e9quipements, exp\u00e9di\u00e9s au moins dix jours avant, seront gard\u00e9s \u00e0 la plong\u00e9e jusqu\u2019\u00e0 votre arriv\u00e9e et, sans trop d\u2019effort, vous vous retrouverez immerg\u00e9 dans les profondeurs magiques de la zone marine [&hellip;]<\/p>\n","protected":false},"author":1,"featured_media":1281,"parent":1205,"menu_order":0,"comment_status":"closed","ping_status":"closed","template":"","meta":{"footnotes":""},"class_list":["post-1280","page","type-page","status-publish","has-post-thumbnail","hentry"],"_links":{"self":[{"href":"https:\/\/vogliadimare.com\/fr\/wp-json\/wp\/v2\/pages\/1280\/"}],"collection":[{"href":"https:\/\/vogliadimare.com\/fr\/wp-json\/wp\/v2\/pages\/"}],"about":[{"href":"https:\/\/vogliadimare.com\/fr\/wp-json\/wp\/v2\/types\/page\/"}],"author":[{"embeddable":true,"href":"https:\/\/vogliadimare.com\/fr\/wp-json\/wp\/v2\/users\/1\/"}],"replies":[{"embeddable":true,"href":"https:\/\/vogliadimare.com\/fr\/wp-json\/wp\/v2\/comments\/?post=1280"}],"version-history":[{"count":2,"href":"https:\/\/vogliadimare.com\/fr\/wp-json\/wp\/v2\/pages\/1280\/revisions\/"}],"predecessor-version":[{"id":1284,"href":"https:\/\/vogliadimare.com\/fr\/wp-json\/wp\/v2\/pages\/1280\/revisions\/1284\/"}],"up":[{"embeddable":true,"href":"https:\/\/vogliadimare.com\/fr\/wp-json\/wp\/v2\/pages\/1205\/"}],"wp:featuredmedia":[{"embeddable":true,"href":"https:\/\/vogliadimare.com\/fr\/wp-json\/wp\/v2\/media\/1281\/"}],"wp:attachment":[{"href":"https:\/\/vogliadimare.com\/fr\/wp-json\/wp\/v2\/media\/?parent=1280"}],"curies":[{"name":"wp","href":"https:\/\/api.w.org\/{rel}","templated":true}]}}