{"id":1189,"date":"2020-02-23T15:03:36","date_gmt":"2020-02-23T14:03:36","guid":{"rendered":"https:\/\/vogliadimare.com\/corsi\/"},"modified":"2020-03-23T17:07:35","modified_gmt":"2020-03-23T16:07:35","slug":"corsi","status":"publish","type":"page","link":"https:\/\/vogliadimare.com\/fr\/corsi\/","title":{"rendered":"Nous cours"},"content":{"rendered":"\t\t<div data-elementor-type=\"wp-page\" data-elementor-id=\"1189\" class=\"elementor elementor-1189\" data-elementor-settings=\"[]\">\n\t\t\t<div class=\"elementor-inner\">\n\t\t\t\t<div class=\"elementor-section-wrap\">\n\t\t\t\t\t\t\t<section class=\"elementor-element elementor-element-a351b86 elementor-section-stretched elementor-section-full_width elementor-section-height-min-height elementor-section-height-default elementor-section-items-middle elementor-section elementor-top-section\" data-id=\"a351b86\" data-element_type=\"section\" data-settings=\"{&quot;stretch_section&quot;:&quot;section-stretched&quot;,&quot;background_background&quot;:&quot;classic&quot;}\">\n\t\t\t\t\t\t<div class=\"elementor-container elementor-column-gap-no\">\n\t\t\t\t<div class=\"elementor-row\">\n\t\t\t\t<div class=\"aux-parallax-section elementor-element elementor-element-9870d2c elementor-column elementor-col-100 elementor-top-column\" data-id=\"9870d2c\" data-element_type=\"column\" data-settings=\"{&quot;background_background&quot;:&quot;classic&quot;}\">\n\t\t\t<div class=\"elementor-column-wrap\">\n\t\t\t\t\t<div class=\"elementor-widget-wrap\">\n\t\t\t\t\t\t<\/div>\n\t\t\t<\/div>\n\t\t<\/div>\n\t\t\t\t\t\t<\/div>\n\t\t\t<\/div>\n\t\t<\/section>\n\t\t\t\t<section class=\"elementor-element elementor-element-c3419fd elementor-section-boxed elementor-section-height-default elementor-section-height-default elementor-section elementor-top-section\" data-id=\"c3419fd\" data-element_type=\"section\">\n\t\t\t\t\t\t<div class=\"elementor-container elementor-column-gap-default\">\n\t\t\t\t<div class=\"elementor-row\">\n\t\t\t\t<div class=\"aux-parallax-section elementor-element elementor-element-ab0191d elementor-column elementor-col-100 elementor-top-column\" data-id=\"ab0191d\" data-element_type=\"column\">\n\t\t\t<div class=\"elementor-column-wrap  elementor-element-populated\">\n\t\t\t\t\t<div class=\"elementor-widget-wrap\">\n\t\t\t\t<div class=\"elementor-element elementor-element-1a8db18 elementor-widget elementor-widget-heading\" data-id=\"1a8db18\" data-element_type=\"widget\" data-widget_type=\"heading.default\">\n\t\t\t\t<div class=\"elementor-widget-container\">\n\t\t\t<h2 class=\"elementor-heading-title elementor-size-default\">Nous cours<\/h2>\t\t<\/div>\n\t\t\t\t<\/div>\n\t\t\t\t\t\t<\/div>\n\t\t\t<\/div>\n\t\t<\/div>\n\t\t\t\t\t\t<\/div>\n\t\t\t<\/div>\n\t\t<\/section>\n\t\t\t\t<section class=\"elementor-element elementor-element-efb8d0b elementor-section-boxed elementor-section-height-default elementor-section-height-default elementor-section elementor-top-section\" data-id=\"efb8d0b\" data-element_type=\"section\">\n\t\t\t\t\t\t<div class=\"elementor-container elementor-column-gap-default\">\n\t\t\t\t<div class=\"elementor-row\">\n\t\t\t\t<div class=\"aux-parallax-section elementor-element elementor-element-5f60dcf elementor-column elementor-col-100 elementor-top-column\" data-id=\"5f60dcf\" data-element_type=\"column\">\n\t\t\t<div class=\"elementor-column-wrap  elementor-element-populated\">\n\t\t\t\t\t<div class=\"elementor-widget-wrap\">\n\t\t\t\t<div class=\"elementor-element elementor-element-d1697c0 elementor-widget elementor-widget-text-editor\" data-id=\"d1697c0\" data-element_type=\"widget\" data-widget_type=\"text-editor.default\">\n\t\t\t\t<div class=\"elementor-widget-container\">\n\t\t\t\t\t<div class=\"elementor-text-editor elementor-clearfix\"><p>Scuba Schools InternationalLe centre de plong\u00e9e Voglia di Mare organise tous les stages SSI ( Scuba Schools International) , du Snorkel Diver au Dive Control Specialist ( Divemaster) , ainsi que toutes les sp\u00e9cialit\u00e9s.<\/p><p><img loading=\"lazy\" decoding=\"async\" class=\"alignnone size-full wp-image-387\" src=\"https:\/\/www.vogliadimare.com\/wp-content\/uploads\/2020\/02\/ssi.jpg\" alt=\"\" width=\"111\" height=\"107\" \/><\/p><p><img loading=\"lazy\" decoding=\"async\" class=\"alignnone wp-image-312 size-full\" role=\"img\" src=\"https:\/\/www.vogliadimare.com\/wp-content\/uploads\/2020\/02\/1-icona.svg\" alt=\"\" width=\"60\" height=\"60\" srcset=\"https:\/\/vogliadimare.com\/wp-content\/uploads\/\/2020\/02\/1-icona.svg 150w, https:\/\/vogliadimare.com\/wp-content\/uploads\/\/2020\/02\/1-icona.svg 300w, https:\/\/vogliadimare.com\/wp-content\/uploads\/\/2020\/02\/1-icona.svg 768w, https:\/\/vogliadimare.com\/wp-content\/uploads\/\/2020\/02\/1-icona.svg 1024w, https:\/\/vogliadimare.com\/wp-content\/uploads\/\/2020\/02\/1-icona.svg 1536w, https:\/\/vogliadimare.com\/wp-content\/uploads\/\/2020\/02\/1-icona.svg 2048w, https:\/\/vogliadimare.com\/wp-content\/uploads\/\/2020\/02\/1-icona.svg 60w\" sizes=\"auto, (max-width: 60px) 100vw, 60px\" \/><br \/><b>Cours open water diver<br \/><\/b>Le cours Open Water Diver enseigne aux \u00e9l\u00e8ves les bases de la plong\u00e9e sous-marine, ainsi que les techniques de base de la plong\u00e9e avec un copain, sans avoir besoin de la supervision d\u2019un personnel qualifi\u00e9. Le cours vous permet \u00e9galement de recharger les bouteilles dans les innombrables Diving Center situ\u00e9s partout dans le monde et \u00e0 planifier, conduire et enregistrer les plong\u00e9es sans arr\u00eats de d\u00e9compression.<\/p><p><img loading=\"lazy\" decoding=\"async\" class=\"alignnone size-full wp-image-311\" role=\"img\" src=\"https:\/\/www.vogliadimare.com\/wp-content\/uploads\/2020\/02\/2-icona.svg\" alt=\"\" width=\"60\" height=\"60\" srcset=\"https:\/\/vogliadimare.com\/wp-content\/uploads\/\/2020\/02\/2-icona.svg 150w, https:\/\/vogliadimare.com\/wp-content\/uploads\/\/2020\/02\/2-icona.svg 300w, https:\/\/vogliadimare.com\/wp-content\/uploads\/\/2020\/02\/2-icona.svg 768w, https:\/\/vogliadimare.com\/wp-content\/uploads\/\/2020\/02\/2-icona.svg 1024w, https:\/\/vogliadimare.com\/wp-content\/uploads\/\/2020\/02\/2-icona.svg 1536w, https:\/\/vogliadimare.com\/wp-content\/uploads\/\/2020\/02\/2-icona.svg 2048w, https:\/\/vogliadimare.com\/wp-content\/uploads\/\/2020\/02\/2-icona.svg 60w\" sizes=\"auto, (max-width: 60px) 100vw, 60px\" \/><\/p><p><strong>Cours advanced<br \/><\/strong>Le cours Advanced offre aux plongeurs certifi\u00e9s la possibilit\u00e9 de la d\u00e9couverte des fa\u00e7ons nouvelles et int\u00e9ressantes d\u2019aller sous l\u2019eau et de gagner plus d\u2019exp\u00e9rience en plong\u00e9e et dans les zones d\u2019int\u00e9r\u00eat particulier (navigation, de nuit, profonde, \u00e9paves, Nitrox, combinaison \u00e9tanche, la recherche et la r\u00e9cup\u00e9ration, dans la reconnaissance actuelle du poisson)<\/p><p><img loading=\"lazy\" decoding=\"async\" class=\"alignnone size-full wp-image-310\" role=\"img\" src=\"https:\/\/www.vogliadimare.com\/wp-content\/uploads\/2020\/02\/3-icona.svg\" alt=\"\" width=\"60\" height=\"60\" srcset=\"https:\/\/vogliadimare.com\/wp-content\/uploads\/\/2020\/02\/3-icona.svg 150w, https:\/\/vogliadimare.com\/wp-content\/uploads\/\/2020\/02\/3-icona.svg 300w, https:\/\/vogliadimare.com\/wp-content\/uploads\/\/2020\/02\/3-icona.svg 768w, https:\/\/vogliadimare.com\/wp-content\/uploads\/\/2020\/02\/3-icona.svg 1024w, https:\/\/vogliadimare.com\/wp-content\/uploads\/\/2020\/02\/3-icona.svg 1536w, https:\/\/vogliadimare.com\/wp-content\/uploads\/\/2020\/02\/3-icona.svg 2048w, https:\/\/vogliadimare.com\/wp-content\/uploads\/\/2020\/02\/3-icona.svg 60w\" sizes=\"auto, (max-width: 60px) 100vw, 60px\" \/><\/p><p><strong>Rescue diver<\/strong><br \/>Le cours Rescue Diver est une \u00e9tape importante dans la formation d\u2019un plongeur par le fait qu\u2019elle vise \u00e0 d\u00e9velopper les connaissances techniques et les comp\u00e9tences n\u00e9cessaires pour intervenir et aider le sauvetage des plongeurs, pour g\u00e9rer les situations d\u2019accidents li\u00e9s aux plong\u00e9es et \u00e0 fournir un premiers soin ad\u00e9quat.<\/p><p><img loading=\"lazy\" decoding=\"async\" class=\"alignnone size-full wp-image-309\" role=\"img\" src=\"https:\/\/www.vogliadimare.com\/wp-content\/uploads\/2020\/02\/4-icona.svg\" alt=\"\" width=\"60\" height=\"60\" srcset=\"https:\/\/vogliadimare.com\/wp-content\/uploads\/\/2020\/02\/4-icona.svg 150w, https:\/\/vogliadimare.com\/wp-content\/uploads\/\/2020\/02\/4-icona.svg 300w, https:\/\/vogliadimare.com\/wp-content\/uploads\/\/2020\/02\/4-icona.svg 768w, https:\/\/vogliadimare.com\/wp-content\/uploads\/\/2020\/02\/4-icona.svg 1024w, https:\/\/vogliadimare.com\/wp-content\/uploads\/\/2020\/02\/4-icona.svg 1536w, https:\/\/vogliadimare.com\/wp-content\/uploads\/\/2020\/02\/4-icona.svg 2048w, https:\/\/vogliadimare.com\/wp-content\/uploads\/\/2020\/02\/4-icona.svg 60w\" sizes=\"auto, (max-width: 60px) 100vw, 60px\" \/><br \/><strong>Dive master<\/strong><br \/>Le cours Dive Master affine la capacit\u00e9 \u00e0 r\u00e9soudre des probl\u00e8mes d\u00e9velopp\u00e9e au cours de Rescue Diver et s\u2019\u00e9tend \u00e0 la gestion et la pr\u00e9vention des blessures jusqu\u2019au contr\u00f4le des \u00e9l\u00e8ves plongeurs et des plongeurs certifi\u00e9s.<\/p><p><img loading=\"lazy\" decoding=\"async\" class=\"alignnone size-full wp-image-308\" role=\"img\" src=\"https:\/\/www.vogliadimare.com\/wp-content\/uploads\/2020\/02\/5-icona.svg\" alt=\"\" width=\"60\" height=\"60\" srcset=\"https:\/\/vogliadimare.com\/wp-content\/uploads\/\/2020\/02\/5-icona.svg 150w, https:\/\/vogliadimare.com\/wp-content\/uploads\/\/2020\/02\/5-icona.svg 300w, https:\/\/vogliadimare.com\/wp-content\/uploads\/\/2020\/02\/5-icona.svg 768w, https:\/\/vogliadimare.com\/wp-content\/uploads\/\/2020\/02\/5-icona.svg 1024w, https:\/\/vogliadimare.com\/wp-content\/uploads\/\/2020\/02\/5-icona.svg 1536w, https:\/\/vogliadimare.com\/wp-content\/uploads\/\/2020\/02\/5-icona.svg 2048w, https:\/\/vogliadimare.com\/wp-content\/uploads\/\/2020\/02\/5-icona.svg 60w\" sizes=\"auto, (max-width: 60px) 100vw, 60px\" \/><\/p><p><strong>Cours de sp\u00e9cialisation puor la plong\u00e9e sportive<\/strong><br \/>Plong\u00e9e en profondeur Plong\u00e9e dans le courant Combinaison Etanche Air suroxyg\u00e9n\u00e9e Plong\u00e9e multiniveaux Plong\u00e9e nocturne Maximale ma\u00eetrise de la flottabilit\u00e9 Recherche et r\u00e9cup\u00e9ration Plong\u00e9e sur \u00e9paves Gestion de l\u2019oxyg\u00e8ne<\/p><\/div>\n\t\t\t\t<\/div>\n\t\t\t\t<\/div>\n\t\t\t\t\t\t<\/div>\n\t\t\t<\/div>\n\t\t<\/div>\n\t\t\t\t\t\t<\/div>\n\t\t\t<\/div>\n\t\t<\/section>\n\t\t\t\t<section class=\"elementor-element elementor-element-ae72d5f elementor-section-stretched elementor-section-full_width elementor-section-height-default elementor-section-height-default elementor-section elementor-top-section\" data-id=\"ae72d5f\" data-element_type=\"section\" data-settings=\"{&quot;stretch_section&quot;:&quot;section-stretched&quot;}\">\n\t\t\t\t\t\t<div class=\"elementor-container elementor-column-gap-no\">\n\t\t\t\t<div class=\"elementor-row\">\n\t\t\t\t<div class=\"aux-parallax-section elementor-element elementor-element-2592667 elementor-column elementor-col-100 elementor-top-column\" data-id=\"2592667\" data-element_type=\"column\">\n\t\t\t<div class=\"elementor-column-wrap  elementor-element-populated\">\n\t\t\t\t\t<div class=\"elementor-widget-wrap\">\n\t\t\t\t<div class=\"elementor-element elementor-element-6fd1faf elementor-widget elementor-widget-aux_template\" data-id=\"6fd1faf\" data-element_type=\"widget\" data-widget_type=\"aux_template.default\">\n\t\t\t\t<div class=\"elementor-widget-container\">\n\t\t\t        <div class=\"elementor-template\">\n            \t\t<div data-elementor-type=\"section\" data-elementor-id=\"57\" class=\"elementor elementor-57\" data-elementor-settings=\"[]\">\n\t\t\t<div class=\"elementor-inner\">\n\t\t\t\t<div class=\"elementor-section-wrap\">\n\t\t\t\t\t\t\t<section class=\"elementor-element elementor-element-00c648d elementor-section-stretched elementor-section-full_width elementor-section-height-default elementor-section-height-default elementor-section elementor-top-section\" data-id=\"00c648d\" data-element_type=\"section\" data-settings=\"{&quot;stretch_section&quot;:&quot;section-stretched&quot;,&quot;background_background&quot;:&quot;classic&quot;}\">\n\t\t\t\t\t\t<div class=\"elementor-container elementor-column-gap-no\">\n\t\t\t\t<div class=\"elementor-row\">\n\t\t\t\t<div class=\"aux-parallax-section elementor-element elementor-element-fa4b426 elementor-column elementor-col-100 elementor-top-column\" data-id=\"fa4b426\" data-element_type=\"column\">\n\t\t\t<div class=\"elementor-column-wrap  elementor-element-populated\">\n\t\t\t\t\t<div class=\"elementor-widget-wrap\">\n\t\t\t\t<div class=\"elementor-element elementor-element-c8355a9 elementor-widget elementor-widget-image\" data-id=\"c8355a9\" data-element_type=\"widget\" data-widget_type=\"image.default\">\n\t\t\t\t<div class=\"elementor-widget-container\">\n\t\t\t\t\t<div class=\"elementor-image\">\n\t\t\t\t\t\t\t\t\t\t<img loading=\"lazy\" decoding=\"async\" width=\"292\" height=\"65\" src=\"https:\/\/vogliadimare.com\/wp-content\/uploads\/2020\/02\/logo-footer-4.svg\" class=\"attachment-full size-full\" alt=\"\" \/>\t\t\t\t\t\t\t\t\t\t\t<\/div>\n\t\t\t\t<\/div>\n\t\t\t\t<\/div>\n\t\t\t\t<div class=\"elementor-element elementor-element-8cfac7e elementor-widget elementor-widget-aux_menu_box\" data-id=\"8cfac7e\" data-element_type=\"widget\" data-widget_type=\"aux_menu_box.default\">\n\t\t\t\t<div class=\"elementor-widget-container\">\n\t\t\t<div class=\"aux-elementor-header aux-nav-menu-element aux-nav-menu-element-8cfac7e\"><div class=\"aux-burger-box\" data-target-panel=\"toggle-bar\" data-target-content=\".elementor-element-8cfac7e .aux-master-menu\"><div class=\"aux-burger aux-lite-small\"><span class=\"mid-line\"><\/span><\/div><\/div><!-- start master menu -->\n<nav id=\"master-menu-elementor-8cfac7e\" class=\"menu-footer-francese-container\">\n\n\t<ul id=\"menu-footer-francese\" class=\"aux-master-menu aux-no-js aux-skin-classic aux-with-indicator aux-horizontal\" data-type=\"horizontal\"  data-switch-type=\"toggle\" data-switch-parent=\".elementor-element-8cfac7e .aux-toggle-menu-bar\" data-switch-width=\"91\"  >\n\t\t<!-- start single menu -->\n\t\t<li id=\"menu-item-1691\" class=\"menu-item menu-item-type-post_type menu-item-object-page menu-item-home menu-item-1691 aux-menu-depth-0 aux-menu-root-1 aux-menu-item\">\n\t\t\t<a href=\"https:\/\/vogliadimare.com\/fr\/\" class=\"aux-item-content\">\n\t\t\t\t<span class=\"aux-menu-label\">Home<\/span>\n\t\t\t<\/a>\n\t\t<\/li>\n\t\t<!-- end single menu -->\n\t\t<!-- start single menu -->\n\t\t<li id=\"menu-item-1692\" class=\"menu-item menu-item-type-post_type menu-item-object-page menu-item-1692 aux-menu-depth-0 aux-menu-root-2 aux-menu-item\">\n\t\t\t<a href=\"https:\/\/vogliadimare.com\/fr\/diving\/\" class=\"aux-item-content\">\n\t\t\t\t<span class=\"aux-menu-label\">Diving<\/span>\n\t\t\t<\/a>\n\t\t<\/li>\n\t\t<!-- end single menu -->\n\t\t<!-- start single menu -->\n\t\t<li id=\"menu-item-1693\" class=\"menu-item menu-item-type-post_type menu-item-object-page menu-item-1693 aux-menu-depth-0 aux-menu-root-3 aux-menu-item\">\n\t\t\t<a href=\"https:\/\/vogliadimare.com\/fr\/corsi\/\" class=\"aux-item-content\">\n\t\t\t\t<span class=\"aux-menu-label\">Nous cours<\/span>\n\t\t\t<\/a>\n\t\t<\/li>\n\t\t<!-- end single menu -->\n\t\t<!-- start single menu -->\n\t\t<li id=\"menu-item-1701\" class=\"menu-item menu-item-type-post_type menu-item-object-page menu-item-1701 aux-menu-depth-0 aux-menu-root-4 aux-menu-item\">\n\t\t\t<a href=\"https:\/\/vogliadimare.com\/fr\/servizi\/\" class=\"aux-item-content\">\n\t\t\t\t<span class=\"aux-menu-label\">Services<\/span>\n\t\t\t<\/a>\n\t\t<\/li>\n\t\t<!-- end single menu -->\n\t\t<!-- start single menu -->\n\t\t<li id=\"menu-item-1702\" class=\"menu-item menu-item-type-post_type menu-item-object-page menu-item-1702 aux-menu-depth-0 aux-menu-root-5 aux-menu-item\">\n\t\t\t<a href=\"https:\/\/vogliadimare.com\/fr\/gruppi\/\" class=\"aux-item-content\">\n\t\t\t\t<span class=\"aux-menu-label\">Groupes<\/span>\n\t\t\t<\/a>\n\t\t<\/li>\n\t\t<!-- end single menu -->\n\t\t<!-- start single menu -->\n\t\t<li id=\"menu-item-1703\" class=\"menu-item menu-item-type-post_type menu-item-object-page menu-item-1703 aux-menu-depth-0 aux-menu-root-6 aux-menu-item\">\n\t\t\t<a href=\"https:\/\/vogliadimare.com\/fr\/soggiorni\/\" class=\"aux-item-content\">\n\t\t\t\t<span class=\"aux-menu-label\">H\u00e9bergement<\/span>\n\t\t\t<\/a>\n\t\t<\/li>\n\t\t<!-- end single menu -->\n\t\t<!-- start single menu -->\n\t\t<li id=\"menu-item-1704\" class=\"menu-item menu-item-type-post_type menu-item-object-page menu-item-1704 aux-menu-depth-0 aux-menu-root-7 aux-menu-item\">\n\t\t\t<a href=\"https:\/\/vogliadimare.com\/fr\/offerte\/\" class=\"aux-item-content\">\n\t\t\t\t<span class=\"aux-menu-label\">Offres<\/span>\n\t\t\t<\/a>\n\t\t<\/li>\n\t\t<!-- end single menu -->\n\t\t<!-- start single menu -->\n\t\t<li id=\"menu-item-1705\" class=\"menu-item menu-item-type-post_type menu-item-object-page menu-item-1705 aux-menu-depth-0 aux-menu-root-8 aux-menu-item\">\n\t\t\t<a href=\"https:\/\/vogliadimare.com\/fr\/listino-prezzi\/\" class=\"aux-item-content\">\n\t\t\t\t<span class=\"aux-menu-label\">Liste de Prix<\/span>\n\t\t\t<\/a>\n\t\t<\/li>\n\t\t<!-- end single menu -->\n\t\t<!-- start single menu -->\n\t\t<li id=\"menu-item-1706\" class=\"menu-item menu-item-type-post_type menu-item-object-page menu-item-1706 aux-menu-depth-0 aux-menu-root-9 aux-menu-item\">\n\t\t\t<a href=\"https:\/\/vogliadimare.com\/fr\/news\/\" class=\"aux-item-content\">\n\t\t\t\t<span class=\"aux-menu-label\">Voyagez avec nous<\/span>\n\t\t\t<\/a>\n\t\t<\/li>\n\t\t<!-- end single menu -->\n\t\t<!-- start single menu -->\n\t\t<li id=\"menu-item-1707\" class=\"menu-item menu-item-type-post_type menu-item-object-page menu-item-1707 aux-menu-depth-0 aux-menu-root-10 aux-menu-item\">\n\t\t\t<a href=\"https:\/\/vogliadimare.com\/fr\/contatti\/\" class=\"aux-item-content\">\n\t\t\t\t<span class=\"aux-menu-label\">Contacts<\/span>\n\t\t\t<\/a>\n\t\t<\/li>\n\t\t<!-- end single menu -->\n\t<\/ul>\n\n<\/nav>\n<!-- end master menu -->\n<div class=\"aux-toggle-menu-bar\"><\/div><\/div><style>@media only screen and (min-width: 91px) { .elementor-element-8cfac7e .aux-burger-box { display: none } }<\/style>\t\t<\/div>\n\t\t\t\t<\/div>\n\t\t\t\t<div class=\"elementor-element elementor-element-8700c55 elementor-widget elementor-widget-divider\" data-id=\"8700c55\" data-element_type=\"widget\" data-widget_type=\"divider.default\">\n\t\t\t\t<div class=\"elementor-widget-container\">\n\t\t\t\t\t<div class=\"elementor-divider\">\n\t\t\t<span class=\"elementor-divider-separator\">\n\t\t\t\t\t\t<\/span>\n\t\t<\/div>\n\t\t\t\t<\/div>\n\t\t\t\t<\/div>\n\t\t\t\t<div class=\"elementor-element elementor-element-90c1fad elementor-widget elementor-widget-text-editor\" data-id=\"90c1fad\" data-element_type=\"widget\" data-widget_type=\"text-editor.default\">\n\t\t\t\t<div class=\"elementor-widget-container\">\n\t\t\t\t\t<div class=\"elementor-text-editor elementor-clearfix\"><p><a href=\"https:\/\/vogliadimare.com\/privacy-policy-2\/\"><span style=\"color: #cccccc;\">note legali<\/span><\/a> &#8211; <span style=\"color: #cccccc;\"><span style=\"color: #e0e0e0;\"><a style=\"color: #e0e0e0;\" href=\"https:\/\/vogliadimare.com\/privacy-policy\/\">privacy policy<\/a><\/span> &#8211;<\/span> Copyright Voglia di mare 2020\u00a9- P.Iva 02151020811 \u00a0&#8211; Website by: <a href=\"https:\/\/www.pangea-ad.it\" target=\"_blank\" rel=\"noopener\">Pangea-ad.it<\/a><\/p><\/div>\n\t\t\t\t<\/div>\n\t\t\t\t<\/div>\n\t\t\t\t<div class=\"elementor-element elementor-element-fdf8dd0 elementor-shape-circle elementor-hidden-tablet elementor-hidden-phone elementor-widget elementor-widget-social-icons\" data-id=\"fdf8dd0\" data-element_type=\"widget\" data-widget_type=\"social-icons.default\">\n\t\t\t\t<div class=\"elementor-widget-container\">\n\t\t\t\t\t<div class=\"elementor-social-icons-wrapper\">\n\t\t\t\t\t\t\t<a class=\"elementor-icon elementor-social-icon elementor-social-icon-facebook elementor-repeater-item-bbe8511\" href=\"https:\/\/www.facebook.com\/Vogliadimaredivingcenter\/\" target=\"_blank\">\n\t\t\t\t\t<span class=\"elementor-screen-only\">Facebook<\/span>\n\t\t\t\t\t<i class=\"fab fa-facebook\"><\/i>\t\t\t\t<\/a>\n\t\t\t\t\t\t\t<a class=\"elementor-icon elementor-social-icon elementor-social-icon-youtube elementor-repeater-item-4c2915b\" href=\"https:\/\/www.youtube.com\/channel\/UCfALSaGbQV6a1VMHQKVpmLw\" target=\"_blank\">\n\t\t\t\t\t<span class=\"elementor-screen-only\">Youtube<\/span>\n\t\t\t\t\t<i class=\"fab fa-youtube\"><\/i>\t\t\t\t<\/a>\n\t\t\t\t\t\t\t<a class=\"elementor-icon elementor-social-icon elementor-social-icon-instagram elementor-repeater-item-b1b9057\" href=\"https:\/\/instagram.com\/vogliadimaredivingcenter\" target=\"_blank\">\n\t\t\t\t\t<span class=\"elementor-screen-only\">Instagram<\/span>\n\t\t\t\t\t<i class=\"fab fa-instagram\"><\/i>\t\t\t\t<\/a>\n\t\t\t\t\t\t\t<a class=\"elementor-icon elementor-social-icon elementor-social-icon-envelope elementor-repeater-item-b41522e\" href=\"https:\/\/vogliadimare.com\/contatti\/\">\n\t\t\t\t\t<span class=\"elementor-screen-only\">Envelope<\/span>\n\t\t\t\t\t<i class=\"fas fa-envelope\"><\/i>\t\t\t\t<\/a>\n\t\t\t\t\t<\/div>\n\t\t\t\t<\/div>\n\t\t\t\t<\/div>\n\t\t\t\t<div class=\"elementor-element elementor-element-8ba1878 elementor-widget elementor-widget-image\" data-id=\"8ba1878\" data-element_type=\"widget\" data-widget_type=\"image.default\">\n\t\t\t\t<div class=\"elementor-widget-container\">\n\t\t\t\t\t<div class=\"elementor-image\">\n\t\t\t\t\t\t\t\t\t\t<img loading=\"lazy\" decoding=\"async\" width=\"35\" height=\"52\" src=\"https:\/\/vogliadimare.com\/wp-content\/uploads\/2020\/02\/padi-logo.svg\" class=\"attachment-full size-full\" alt=\"\" \/>\t\t\t\t\t\t\t\t\t\t\t<\/div>\n\t\t\t\t<\/div>\n\t\t\t\t<\/div>\n\t\t\t\t\t\t<\/div>\n\t\t\t<\/div>\n\t\t<\/div>\n\t\t\t\t\t\t<\/div>\n\t\t\t<\/div>\n\t\t<\/section>\n\t\t\t\t\t\t<\/div>\n\t\t\t<\/div>\n\t\t<\/div>\n\t\t        <\/div>\n        \t\t<\/div>\n\t\t\t\t<\/div>\n\t\t\t\t\t\t<\/div>\n\t\t\t<\/div>\n\t\t<\/div>\n\t\t\t\t\t\t<\/div>\n\t\t\t<\/div>\n\t\t<\/section>\n\t\t\t\t\t\t<\/div>\n\t\t\t<\/div>\n\t\t<\/div>\n\t\t","protected":false},"excerpt":{"rendered":"<p>Scuba Schools InternationalLe centre de plong\u00e9e Voglia di Mare organise tous les stages SSI ( Scuba Schools International) , du Snorkel Diver au Dive Control Specialist ( Divemaster) , ainsi que toutes les sp\u00e9cialit\u00e9s. Cours open water diver Le cours Open Water Diver enseigne aux \u00e9l\u00e8ves les bases de la plong\u00e9e sous-marine, ainsi que les [&hellip;]<\/p>\n","protected":false},"author":1,"featured_media":1191,"parent":0,"menu_order":0,"comment_status":"closed","ping_status":"closed","template":"","meta":{"footnotes":""},"class_list":["post-1189","page","type-page","status-publish","has-post-thumbnail","hentry"],"_links":{"self":[{"href":"https:\/\/vogliadimare.com\/fr\/wp-json\/wp\/v2\/pages\/1189\/"}],"collection":[{"href":"https:\/\/vogliadimare.com\/fr\/wp-json\/wp\/v2\/pages\/"}],"about":[{"href":"https:\/\/vogliadimare.com\/fr\/wp-json\/wp\/v2\/types\/page\/"}],"author":[{"embeddable":true,"href":"https:\/\/vogliadimare.com\/fr\/wp-json\/wp\/v2\/users\/1\/"}],"replies":[{"embeddable":true,"href":"https:\/\/vogliadimare.com\/fr\/wp-json\/wp\/v2\/comments\/?post=1189"}],"version-history":[{"count":3,"href":"https:\/\/vogliadimare.com\/fr\/wp-json\/wp\/v2\/pages\/1189\/revisions\/"}],"predecessor-version":[{"id":1201,"href":"https:\/\/vogliadimare.com\/fr\/wp-json\/wp\/v2\/pages\/1189\/revisions\/1201\/"}],"wp:featuredmedia":[{"embeddable":true,"href":"https:\/\/vogliadimare.com\/fr\/wp-json\/wp\/v2\/media\/1191\/"}],"wp:attachment":[{"href":"https:\/\/vogliadimare.com\/fr\/wp-json\/wp\/v2\/media\/?parent=1189"}],"curies":[{"name":"wp","href":"https:\/\/api.w.org\/{rel}","templated":true}]}}